{"id":3753,"date":"2024-11-14T17:11:26","date_gmt":"2024-11-14T22:11:26","guid":{"rendered":"https:\/\/cusc-ccreu.ca\/wordpress\/?page_id=3753"},"modified":"2025-10-03T12:42:53","modified_gmt":"2025-10-03T17:42:53","slug":"sommaires","status":"publish","type":"page","link":"https:\/\/cusc-ccreu.ca\/wordpress\/?page_id=3753&lang=fr","title":{"rendered":"Sommaires"},"content":{"rendered":"<ul class=\"dlm-downloads\"><li><a  data-e-Disable-Page-Transition=\"true\" class=\"download-link\" title=\"\" href=\"https:\/\/cusc-ccreu.ca\/wordpress?download=4439&amp;tmstv=1776300009\" rel=\"nofollow\" id=\"download-link-4439\" data-redirect=\"false\" >\n\tCCREU 2025 Aupr\u00e8s des \u00e9tudiants de premi\u00e8re ann\u00e9e sommaire<\/a>\n<\/li><li><a  data-e-Disable-Page-Transition=\"true\" class=\"download-link\" title=\"\" href=\"https:\/\/cusc-ccreu.ca\/wordpress?download=4446&amp;tmstv=1776300009\" rel=\"nofollow\" id=\"download-link-4446\" data-redirect=\"false\" >\n\tCCREU 2024 Aupr\u00e8s des \u00e9tudiants de derni\u00e8re ann\u00e9e sommaire<\/a>\n<\/li><li><a  data-e-Disable-Page-Transition=\"true\" class=\"download-link\" title=\"\" href=\"https:\/\/cusc-ccreu.ca\/wordpress?download=3799&amp;tmstv=1776300009\" rel=\"nofollow\" id=\"download-link-3799\" data-redirect=\"false\" >\n\tCCREU 2023 Aupr\u00e8s des \u00e9tudiants d\u2019ann\u00e9es interm\u00e9diaires sommaire<\/a>\n<\/li><li><a  data-e-Disable-Page-Transition=\"true\" class=\"download-link\" title=\"\" href=\"https:\/\/cusc-ccreu.ca\/wordpress?download=3802&amp;tmstv=1776300009\" rel=\"nofollow\" id=\"download-link-3802\" data-redirect=\"false\" >\n\tCCREU 2022 Aupr\u00e8s des \u00e9tudiants de premi\u00e8re ann\u00e9e sommaire<\/a>\n<\/li><li><a  data-e-Disable-Page-Transition=\"true\" class=\"download-link\" title=\"\" href=\"https:\/\/cusc-ccreu.ca\/wordpress?download=3805&amp;tmstv=1776300009\" rel=\"nofollow\" id=\"download-link-3805\" data-redirect=\"false\" >\n\tCCREU 2021 Aupr\u00e8s des \u00e9tudiants de derni\u00e8re ann\u00e9e sommaire<\/a>\n<\/li><li><a  data-e-Disable-Page-Transition=\"true\" class=\"download-link\" title=\"\" href=\"https:\/\/cusc-ccreu.ca\/wordpress?download=3808&amp;tmstv=1776300009\" rel=\"nofollow\" id=\"download-link-3808\" data-redirect=\"false\" >\n\tCCREU 2020 Aupr\u00e8s des \u00e9tudiants d\u2019ann\u00e9es interm\u00e9diaires sommaire<\/a>\n<\/li><li><a  data-e-Disable-Page-Transition=\"true\" class=\"download-link\" title=\"\" href=\"https:\/\/cusc-ccreu.ca\/wordpress?download=3811&amp;tmstv=1776300009\" rel=\"nofollow\" id=\"download-link-3811\" data-redirect=\"false\" >\n\tCCREU 2019 Aupr\u00e8s des \u00e9tudiants de premi\u00e8re ann\u00e9e sommaire<\/a>\n<\/li><li><a  data-e-Disable-Page-Transition=\"true\" class=\"download-link\" title=\"\" href=\"https:\/\/cusc-ccreu.ca\/wordpress?download=3814&amp;tmstv=1776300009\" rel=\"nofollow\" id=\"download-link-3814\" data-redirect=\"false\" >\n\tCCREU 2018 Aupr\u00e8s des \u00e9tudiants de derni\u00e8re ann\u00e9e sommaire<\/a>\n<\/li><li><a  data-e-Disable-Page-Transition=\"true\" class=\"download-link\" title=\"\" href=\"https:\/\/cusc-ccreu.ca\/wordpress?download=3817&amp;tmstv=1776300009\" rel=\"nofollow\" id=\"download-link-3817\" data-redirect=\"false\" >\n\tCCREU 2017 Aupr\u00e8s des \u00e9tudiants d\u2019ann\u00e9es interm\u00e9diaires sommaire<\/a>\n<\/li><li><a  data-e-Disable-Page-Transition=\"true\" class=\"download-link\" title=\"\" href=\"https:\/\/cusc-ccreu.ca\/wordpress?download=3820&amp;tmstv=1776300009\" rel=\"nofollow\" id=\"download-link-3820\" data-redirect=\"false\" >\n\tCCREU 2016 Aupr\u00e8s des \u00e9tudiants de premi\u00e8re ann\u00e9e sommaire<\/a>\n<\/li><li><a  data-e-Disable-Page-Transition=\"true\" class=\"download-link\" title=\"\" href=\"https:\/\/cusc-ccreu.ca\/wordpress?download=3823&amp;tmstv=1776300009\" rel=\"nofollow\" id=\"download-link-3823\" data-redirect=\"false\" >\n\tCCREU 2015 Aupr\u00e8s des \u00e9tudiants de derni\u00e8re ann\u00e9e sommaire<\/a>\n<\/li><li><a  data-e-Disable-Page-Transition=\"true\" class=\"download-link\" title=\"\" href=\"https:\/\/cusc-ccreu.ca\/wordpress?download=3826&amp;tmstv=1776300009\" rel=\"nofollow\" id=\"download-link-3826\" data-redirect=\"false\" >\n\tCCREU 2014 Aupr\u00e8s des \u00e9tudiants d\u2019ann\u00e9es interm\u00e9diaires sommaire<\/a>\n<\/li><li><a  data-e-Disable-Page-Transition=\"true\" class=\"download-link\" title=\"\" href=\"https:\/\/cusc-ccreu.ca\/wordpress?download=3829&amp;tmstv=1776300009\" rel=\"nofollow\" id=\"download-link-3829\" data-redirect=\"false\" >\n\tCCREU 2013 Aupr\u00e8s des \u00e9tudiants de premi\u00e8re ann\u00e9e sommaire<\/a>\n<\/li><li><a  data-e-Disable-Page-Transition=\"true\" class=\"download-link\" title=\"\" href=\"https:\/\/cusc-ccreu.ca\/wordpress?download=3832&amp;tmstv=1776300009\" rel=\"nofollow\" id=\"download-link-3832\" data-redirect=\"false\" >\n\tCCREU 2012 Aupr\u00e8s des \u00e9tudiants de derni\u00e8re ann\u00e9e sommaire<\/a>\n<\/li><\/ul>\n\t\t\t\t\n","protected":false},"excerpt":{"rendered":"","protected":false},"author":2,"featured_media":0,"parent":3613,"menu_order":0,"comment_status":"closed","ping_status":"closed","template":"","meta":{"_uag_custom_page_level_css":"","site-sidebar-layout":"default","site-content-layout":"","ast-site-content-layout":"default","site-content-style":"default","site-sidebar-style":"default","ast-global-header-display":"","ast-banner-title-visibility":"","ast-main-header-display":"","ast-hfb-above-header-display":"","ast-hfb-below-header-display":"","ast-hfb-mobile-header-display":"","site-post-title":"","ast-breadcrumbs-content":"","ast-featured-img":"","footer-sml-layout":"","ast-disable-related-posts":"","theme-transparent-header-meta":"","adv-header-id-meta":"","stick-header-meta":"","header-above-stick-meta":"","header-main-stick-meta":"","header-below-stick-meta":"","astra-migrate-meta-layouts":"default","ast-page-background-enabled":"default","ast-page-background-meta":{"desktop":{"background-color":"var(--ast-global-color-4)","background-image":"","background-repeat":"repeat","background-position":"center center","background-size":"auto","background-attachment":"scroll","background-type":"","background-media":"","overlay-type":"","overlay-color":"","overlay-opacity":"","overlay-gradient":""},"tablet":{"background-color":"","background-image":"","background-repeat":"repeat","background-position":"center center","background-size":"auto","background-attachment":"scroll","background-type":"","background-media":"","overlay-type":"","overlay-color":"","overlay-opacity":"","overlay-gradient":""},"mobile":{"background-color":"","background-image":"","background-repeat":"repeat","background-position":"center center","background-size":"auto","background-attachment":"scroll","background-type":"","background-media":"","overlay-type":"","overlay-color":"","overlay-opacity":"","overlay-gradient":""}},"ast-content-background-meta":{"desktop":{"background-color":"var(--ast-global-color-5)","background-image":"","background-repeat":"repeat","background-position":"center center","background-size":"auto","background-attachment":"scroll","background-type":"","background-media":"","overlay-type":"","overlay-color":"","overlay-opacity":"","overlay-gradient":""},"tablet":{"background-color":"var(--ast-global-color-5)","background-image":"","background-repeat":"repeat","background-position":"center center","background-size":"auto","background-attachment":"scroll","background-type":"","background-media":"","overlay-type":"","overlay-color":"","overlay-opacity":"","overlay-gradient":""},"mobile":{"background-color":"var(--ast-global-color-5)","background-image":"","background-repeat":"repeat","background-position":"center center","background-size":"auto","background-attachment":"scroll","background-type":"","background-media":"","overlay-type":"","overlay-color":"","overlay-opacity":"","overlay-gradient":""}},"footnotes":""},"class_list":["post-3753","page","type-page","status-publish","hentry"],"uagb_featured_image_src":{"full":false,"thumbnail":false,"medium":false,"medium_large":false,"large":false,"1536x1536":false,"2048x2048":false},"uagb_author_info":{"display_name":"Glenn Keeler","author_link":"https:\/\/cusc-ccreu.ca\/wordpress\/?author=2"},"uagb_comment_info":0,"uagb_excerpt":null,"_links":{"self":[{"href":"https:\/\/cusc-ccreu.ca\/wordpress\/index.php?rest_route=\/wp\/v2\/pages\/3753","targetHints":{"allow":["GET"]}}],"collection":[{"href":"https:\/\/cusc-ccreu.ca\/wordpress\/index.php?rest_route=\/wp\/v2\/pages"}],"about":[{"href":"https:\/\/cusc-ccreu.ca\/wordpress\/index.php?rest_route=\/wp\/v2\/types\/page"}],"author":[{"embeddable":true,"href":"https:\/\/cusc-ccreu.ca\/wordpress\/index.php?rest_route=\/wp\/v2\/users\/2"}],"replies":[{"embeddable":true,"href":"https:\/\/cusc-ccreu.ca\/wordpress\/index.php?rest_route=%2Fwp%2Fv2%2Fcomments&post=3753"}],"version-history":[{"count":3,"href":"https:\/\/cusc-ccreu.ca\/wordpress\/index.php?rest_route=\/wp\/v2\/pages\/3753\/revisions"}],"predecessor-version":[{"id":4449,"href":"https:\/\/cusc-ccreu.ca\/wordpress\/index.php?rest_route=\/wp\/v2\/pages\/3753\/revisions\/4449"}],"up":[{"embeddable":true,"href":"https:\/\/cusc-ccreu.ca\/wordpress\/index.php?rest_route=\/wp\/v2\/pages\/3613"}],"wp:attachment":[{"href":"https:\/\/cusc-ccreu.ca\/wordpress\/index.php?rest_route=%2Fwp%2Fv2%2Fmedia&parent=3753"}],"curies":[{"name":"wp","href":"https:\/\/api.w.org\/{rel}","templated":true}]}}