{"id":3680,"date":"2024-11-08T11:27:51","date_gmt":"2024-11-08T16:27:51","guid":{"rendered":"https:\/\/cusc-ccreu.ca\/wordpress\/?page_id=3680"},"modified":"2026-03-13T10:44:28","modified_gmt":"2026-03-13T15:44:28","slug":"demande-de-donnees","status":"publish","type":"page","link":"https:\/\/cusc-ccreu.ca\/wordpress\/?page_id=3680&lang=fr","title":{"rendered":"Demande de donn\u00e9es"},"content":{"rendered":"\n<div class=\"wp-block-uagb-container uagb-block-8f2ff7dc alignfull uagb-is-root-container\"><div class=\"uagb-container-inner-blocks-wrap\">\n<div class=\"wp-block-uagb-container uagb-block-1aa5ac51\">\n<p>Chaque universit\u00e9 qui participe au CUSC poss\u00e8de ses donn\u00e9es d&#8217;enqu\u00eate. Les membres du CUSC rendent les donn\u00e9es accessibles aux autres membres du Consortium conform\u00e9ment au <a  data-e-Disable-Page-Transition=\"true\" class=\"download-link\" title=\"\" href=\"https:\/\/cusc-ccreu.ca\/wordpress?download=111&amp;tmstv=1776300237\" rel=\"nofollow\" id=\"download-link-111\" data-redirect=\"false\" >\n\tData Licensing and Membership Agreement<\/a>\n. Cet accord interdit \u00e0 la Soci\u00e9t\u00e9 ou \u00e0 tout membre du Consortium de divulguer les donn\u00e9es de toute autre universit\u00e9. La Soci\u00e9t\u00e9 n&#8217;est pas propri\u00e9taire des donn\u00e9es et ne peut pas les divulguer avec l&#8217;identit\u00e9 des universit\u00e9s divulgu\u00e9es.<\/p>\n\n\n\n<p>Si vous souhaitez obtenir les r\u00e9sultats d\u2019un sondage d\u2019une universit\u00e9 sp\u00e9cifique, veuillez communiquer avec cette universit\u00e9. Habituellement, le d\u00e9partement de recherche institutionnelle ou d&#8217;analyse et de planification institutionnelles s&#8217;occupe des donn\u00e9es du CUSC. L&#8217;universit\u00e9 peut choisir de ne publier aucun r\u00e9sultat. <\/p>\n\n\n\n<p>Si vous souhaitez des r\u00e9sultats agr\u00e9g\u00e9s de plusieurs universit\u00e9s, veuillez contacter le Comit\u00e9 des demandes de donn\u00e9es CUSC-CCREU, en utilisant le formulaire de demande ci-dessous. Le comit\u00e9 des demandes du CUSC-CCREU r\u00e9pondra \u00e0 toutes les questions concernant la demande. Des frais peuvent \u00eatre factur\u00e9s pour ces r\u00e9sultats en fonction de la complexit\u00e9 et du temps n\u00e9cessaire pour compl\u00e9ter votre demande.<\/p>\n\n\n<div class=\"frm_forms  with_frm_style frm_style_formidable-style\" id=\"frm_form_32_container\" data-token=\"8e2cd80c7f1752bb6b6ef9285b1fff6a\">\n<form enctype=\"multipart\/form-data\" method=\"post\" class=\"frm-show-form  frm_pro_form \" id=\"form_data-request2\" data-token=\"8e2cd80c7f1752bb6b6ef9285b1fff6a\">\n<div class=\"frm_form_fields \">\n<fieldset>\n<legend class=\"frm_screen_reader\">Demande de donn\u00e9es<\/legend>\r\n\r\n<div class=\"frm_fields_container\">\n<input type=\"hidden\" name=\"frm_action\" value=\"create\" \/>\n<input type=\"hidden\" name=\"form_id\" value=\"32\" \/>\n<input type=\"hidden\" name=\"frm_hide_fields_32\" id=\"frm_hide_fields_32\" value=\"\" \/>\n<input type=\"hidden\" name=\"form_key\" value=\"data-request2\" \/>\n<input type=\"hidden\" name=\"item_meta[0]\" value=\"\" \/>\n<input type=\"hidden\" id=\"frm_submit_entry_32\" name=\"frm_submit_entry_32\" value=\"c73dbac84b\" \/><input type=\"hidden\" name=\"_wp_http_referer\" value=\"\/wordpress\/index.php?rest_route=%2Fwp%2Fv2%2Fpages%2F3680\" \/><div id=\"frm_field_1372_container\" class=\"frm_form_field frm_section_heading form-field \">\r\n<h3 class=\"frm_pos_top\">Personne-ressource<\/h3>\r\n<div id=\"frm_desc_field_9gdzy2\" class=\"frm_description frm_section_spacing\">La personne avec qui notre \u00e9quipe traitera directement<\/div>\r\n\r\n<div id=\"frm_field_1373_container\" class=\"frm_form_field form-field  frm_required_field frm_top_container frm4 frm_first\">\r\n    <label for=\"field_vl8f32\" id=\"field_vl8f32_label\" class=\"frm_primary_label\">Nom\r\n        <span class=\"frm_required\">*<\/span>\r\n    <\/label>\r\n    <input  type=\"text\" id=\"field_vl8f32\" name=\"item_meta[1373]\" value=\"\"  data-sectionid=\"1372\"  data-reqmsg=\"Nom cannot be blank.\" aria-required=\"true\" data-invmsg=\"Text is invalid\" aria-invalid=\"false\"   \/>\r\n    \r\n    \r\n<\/div>\n<div id=\"frm_field_1374_container\" class=\"frm_form_field form-field  frm_required_field frm_top_container frm4\">\r\n    <label for=\"field_mmykr2\" id=\"field_mmykr2_label\" class=\"frm_primary_label\">Courriel\r\n        <span class=\"frm_required\">*<\/span>\r\n    <\/label>\r\n    <input type=\"email\" id=\"field_mmykr2\" name=\"item_meta[1374]\" value=\"\"  data-sectionid=\"1372\"  data-reqmsg=\"Courriel cannot be blank.\" aria-required=\"true\" data-invmsg=\"Email is invalid\" aria-invalid=\"false\"  \/>\r\n    \r\n    \r\n<\/div>\n<div id=\"frm_field_conf_1374_container\" class=\"frm_form_field frm_hidden_container frm_conf_field form-field  frm_required_field frm_top_container frm4\">\r\n    <label for=\"field_conf_mmykr2\" id=\"field_conf_mmykr2_label\" class=\"frm_conf_label frm_primary_label\">Confirm Courriel\r\n        <span class=\"frm_required\">*<\/span>\r\n    <\/label>\r\n    <input type=\"email\" id=\"field_conf_mmykr2\" name=\"item_meta[conf_1374]\" value=\"\"  data-sectionid=\"1372\"  placeholder=\"Confirm Your Email\" data-reqmsg=\"Confirm Courriel cannot be blank.\" aria-required=\"true\" data-confmsg=\"The entered values do not match\" data-invmsg=\"Email is invalid\" aria-invalid=\"false\"  \/>\r\n    \r\n    \r\n<\/div>\n<div id=\"frm_field_1375_container\" class=\"frm_form_field form-field  frm_required_field frm_top_container frm4\">\r\n    <label for=\"field_t9a342\" id=\"field_t9a342_label\" class=\"frm_primary_label\">T\u00e9l\u00e9phone\r\n        <span class=\"frm_required\" aria-hidden=\"true\">*<\/span>\r\n    <\/label>\r\n    <input type=\"tel\" id=\"field_t9a342\" name=\"item_meta[1375]\" value=\"\"  data-sectionid=\"1372\"  data-reqmsg=\"T\u00e9l\u00e9phone cannot be blank.\" aria-required=\"true\" data-invmsg=\"Phone is invalid\" aria-invalid=\"false\" pattern=\"((\\+\\d{1,3}(-|.| )?\\(?\\d\\)?(-| |.)?\\d{1,5})|(\\(?\\d{2,6}\\)?))(-|.| )?(\\d{3,4})(-|.| )?(\\d{4})(( x| ext)\\d{1,5}){0,1}$\"  \/>\r\n    \r\n    \r\n<\/div>\n<div id=\"frm_field_1376_container\" class=\"frm_form_field form-field  frm_required_field frm_top_container\">\r\n    <label for=\"field_b4bz32\" id=\"field_b4bz32_label\" class=\"frm_primary_label\">Titre du poste\r\n        <span class=\"frm_required\" aria-hidden=\"true\">*<\/span>\r\n    <\/label>\r\n    <input  type=\"text\" id=\"field_b4bz32\" name=\"item_meta[1376]\" value=\"\"  data-sectionid=\"1372\"  data-reqmsg=\"Titre du poste cannot be blank.\" aria-required=\"true\" data-invmsg=\"Text is invalid\" aria-invalid=\"false\"   \/>\r\n    \r\n    \r\n<\/div>\n<div id=\"frm_field_1377_container\" class=\"frm_form_field form-field  frm_required_field frm_top_container\">\r\n    <label for=\"field_t0gz12\" id=\"field_t0gz12_label\" class=\"frm_primary_label\">Organisation\r\n        <span class=\"frm_required\" aria-hidden=\"true\">*<\/span>\r\n    <\/label>\r\n    <input  type=\"text\" id=\"field_t0gz12\" name=\"item_meta[1377]\" value=\"\"  data-sectionid=\"1372\"  data-reqmsg=\"Organisation cannot be blank.\" aria-required=\"true\" data-invmsg=\"Text is invalid\" aria-invalid=\"false\"   \/>\r\n    \r\n    \r\n<\/div>\n<\/div>\n<div id=\"frm_field_1379_container\" class=\"frm_form_field frm_section_heading form-field \">\r\n<h3 class=\"frm_pos_top frm_section_spacing\">D\u00e9tails de la demande de donn\u00e9es<\/h3>\r\n\r\n\r\n<div id=\"frm_field_1380_container\" class=\"frm_form_field form-field  frm_required_field frm_top_container\">\r\n    <label for=\"field_zkk0l2\" id=\"field_zkk0l2_label\" class=\"frm_primary_label\">\u00c0 quelle(s) question(s) essayez-vous de r\u00e9pondre?\r\n        <span class=\"frm_required\">*<\/span>\r\n    <\/label>\r\n    <textarea name=\"item_meta[1380]\" id=\"field_zkk0l2\" rows=\"5\"  data-sectionid=\"1379\"  data-reqmsg=\"\u00c0 quelle(s) question(s) essayez-vous de r\u00e9pondre? cannot be blank.\" aria-required=\"true\" data-invmsg=\"Description Of Project is invalid\" aria-invalid=\"false\"   aria-describedby=\"frm_desc_field_zkk0l2\"><\/textarea>\r\n    <div class=\"frm_description\" id=\"frm_desc_field_zkk0l2\">Il peut \u00eatre utile de formuler votre demande sous forme de question. Vous devrez peut-\u00eatre formuler plus d&#8217;une question de recherche.<\/div>\r\n    \r\n<\/div>\n<div id=\"frm_field_1381_container\" class=\"frm_form_field form-field  frm_required_field frm_top_container\">\r\n    <label for=\"field_ptc8v2\" id=\"field_ptc8v2_label\" class=\"frm_primary_label\">Comment ces renseignements seront-ils utilis\u00e9s?\r\n        <span class=\"frm_required\">*<\/span>\r\n    <\/label>\r\n    <textarea name=\"item_meta[1381]\" id=\"field_ptc8v2\" rows=\"5\"  data-sectionid=\"1379\"  data-reqmsg=\"Comment ces renseignements seront-ils utilis\u00e9s? cannot be blank.\" aria-required=\"true\" data-invmsg=\"Target Audience is invalid\" aria-invalid=\"false\"  ><\/textarea>\r\n    \r\n    \r\n<\/div>\n<div id=\"frm_field_1382_container\" class=\"frm_form_field form-field  frm_required_field frm_top_container\">\r\n    <label for=\"field_dvyiz2\" id=\"field_dvyiz2_label\" class=\"frm_primary_label\">Quels sont les r\u00e9sultats escompt\u00e9s de la demande?\r\n        <span class=\"frm_required\">*<\/span>\r\n    <\/label>\r\n    <textarea name=\"item_meta[1382]\" id=\"field_dvyiz2\" rows=\"5\"  data-sectionid=\"1379\"  data-reqmsg=\"Quels sont les r\u00e9sultats escompt\u00e9s de la demande? cannot be blank.\" aria-required=\"true\" data-invmsg=\"Project Goals is invalid\" aria-invalid=\"false\"  ><\/textarea>\r\n    \r\n    \r\n<\/div>\n<div id=\"frm_field_1383_container\" class=\"frm_form_field form-field  frm_required_field frm_top_container\">\r\n    <label for=\"field_vtcdc2\" id=\"field_vtcdc2_label\" class=\"frm_primary_label\">Qui aura acc\u00e8s aux renseignements que vous recueillez?\r\n        <span class=\"frm_required\">*<\/span>\r\n    <\/label>\r\n    <textarea name=\"item_meta[1383]\" id=\"field_vtcdc2\" rows=\"5\"  data-sectionid=\"1379\"  data-reqmsg=\"Qui aura acc\u00e8s aux renseignements que vous recueillez? cannot be blank.\" aria-required=\"true\" data-invmsg=\"Deliverables is invalid\" aria-invalid=\"false\"  ><\/textarea>\r\n    \r\n    \r\n<\/div>\n<div id=\"frm_field_1384_container\" class=\"frm_form_field form-field  frm_required_field frm_top_container\">\r\n    <label for=\"field_20bnc2\" id=\"field_20bnc2_label\" class=\"frm_primary_label\">Comment les renseignements seront-ils publi\u00e9s?\r\n        <span class=\"frm_required\" aria-hidden=\"true\">*<\/span>\r\n    <\/label>\r\n    <textarea name=\"item_meta[1384]\" id=\"field_20bnc2\" rows=\"5\"  data-sectionid=\"1379\"  data-reqmsg=\"Comment les renseignements seront-ils publi\u00e9s? cannot be blank.\" aria-required=\"true\" data-invmsg=\"Paragraph is invalid\" aria-invalid=\"false\"  ><\/textarea>\r\n    \r\n    \r\n<\/div>\n<div id=\"frm_field_1385_container\" class=\"frm_form_field form-field  frm_required_field frm_top_container\">\r\n    <label for=\"field_ndo0m2\" id=\"field_ndo0m2_label\" class=\"frm_primary_label\">Quelles populations d&#8217;\u00e9tudiants vous int\u00e9ressent (premi\u00e8re ann\u00e9e, ann\u00e9es interm\u00e9diaires, finissants)?\r\n        <span class=\"frm_required\" aria-hidden=\"true\">*<\/span>\r\n    <\/label>\r\n    <textarea name=\"item_meta[1385]\" id=\"field_ndo0m2\" rows=\"5\"  data-sectionid=\"1379\"  data-reqmsg=\"Quelles populations d&#039;\u00e9tudiants vous int\u00e9ressent (premi\u00e8re ann\u00e9e, ann\u00e9es interm\u00e9diaires, finissants)? cannot be blank.\" aria-required=\"true\" data-invmsg=\"Paragraph is invalid\" aria-invalid=\"false\"  ><\/textarea>\r\n    \r\n    \r\n<\/div>\n<div id=\"frm_field_1386_container\" class=\"frm_form_field form-field  frm_required_field frm_top_container\">\r\n    <label for=\"field_1lg9t2\" id=\"field_1lg9t2_label\" class=\"frm_primary_label\">Y a-t-il des sous-populations d&#8217;\u00e9tudiants que vous souhaitez identifier (par exemple, internationaux, autochtones)?\r\n        <span class=\"frm_required\" aria-hidden=\"true\">*<\/span>\r\n    <\/label>\r\n    <textarea name=\"item_meta[1386]\" id=\"field_1lg9t2\" rows=\"5\"  data-sectionid=\"1379\"  data-reqmsg=\"Y a-t-il des sous-populations d&#039;\u00e9tudiants que vous souhaitez identifier (par exemple, internationaux, autochtones)? cannot be blank.\" aria-required=\"true\" data-invmsg=\"Paragraph is invalid\" aria-invalid=\"false\"  ><\/textarea>\r\n    \r\n    \r\n<\/div>\n<div id=\"frm_field_1387_container\" class=\"frm_form_field form-field  frm_required_field frm_top_container\">\r\n    <label for=\"field_jj7x02\" id=\"field_jj7x02_label\" class=\"frm_primary_label\">Quelle p\u00e9riode de donn\u00e9es recherchez-vous (par exemple, 2014, 2017)?\r\n        <span class=\"frm_required\" aria-hidden=\"true\">*<\/span>\r\n    <\/label>\r\n    <textarea name=\"item_meta[1387]\" id=\"field_jj7x02\" rows=\"5\"  data-sectionid=\"1379\"  data-reqmsg=\"Quelle p\u00e9riode de donn\u00e9es recherchez-vous (par exemple, 2014, 2017)? cannot be blank.\" aria-required=\"true\" data-invmsg=\"Paragraph is invalid\" aria-invalid=\"false\"  ><\/textarea>\r\n    \r\n    \r\n<\/div>\n<\/div>\n<div id=\"frm_field_1389_container\" class=\"frm_form_field frm_section_heading form-field  frm12 frm_first\">\r\n<h3 class=\"frm_pos_top frm_section_spacing\">D\u00e9tails du rapport<\/h3>\r\n\r\n\r\n<div id=\"frm_field_1391_container\" class=\"frm_form_field form-field  frm_required_field frm_top_container frm12 frm_first\">\r\n    <label for=\"field_uywjj2\" id=\"field_uywjj2_label\" class=\"frm_primary_label\">Quelle est votre date limite pour recevoir les renseignements?\r\n        <span class=\"frm_required\" aria-hidden=\"true\">*<\/span>\r\n    <\/label>\r\n    <input type=\"text\" id=\"field_uywjj2\" name=\"item_meta[1391]\" value=\"\"  data-sectionid=\"1389\"  maxlength=\"10\" data-reqmsg=\"Quelle est votre date limite pour recevoir les renseignements? cannot be blank.\" aria-required=\"true\" data-invmsg=\"Date is invalid\" class=\"frm_date\" aria-invalid=\"false\"  \/>\r\n    \r\n    \r\n<\/div>\n<div id=\"frm_field_1392_container\" class=\"frm_form_field form-field  frm_required_field frm_top_container frm12 frm_first\">\r\n    <label for=\"field_v5p772\" id=\"field_v5p772_label\" class=\"frm_primary_label\">Dans quel format souhaitez-vous recevoir les renseignements (xlsx, pdf)?\r\n        <span class=\"frm_required\" aria-hidden=\"true\">*<\/span>\r\n    <\/label>\r\n    <input  type=\"text\" id=\"field_v5p772\" name=\"item_meta[1392]\" value=\"\"  data-sectionid=\"1389\"  data-reqmsg=\"Dans quel format souhaitez-vous recevoir les renseignements (xlsx, pdf)? cannot be blank.\" aria-required=\"true\" data-invmsg=\"Text is invalid\" aria-invalid=\"false\"   \/>\r\n    \r\n    \r\n<\/div>\n<div id=\"frm_field_1936_container\" class=\"frm_form_field form-field  frm_top_container\">\n\t<label for=\"field_z9bb4\" id=\"field_z9bb4_label\" class=\"frm_primary_label\">Quels tests statistiques doivent \u00eatre effectu\u00e9s, par exemple le test T, le chi carr\u00e9 de Pearson\u00a0?\n\t\t<span class=\"frm_required\" aria-hidden=\"true\"><\/span>\n\t<\/label>\n\t<textarea name=\"item_meta[1936]\" id=\"field_z9bb4\" rows=\"5\"  data-sectionid=\"1389\"  data-invmsg=\"Quels tests statistiques doivent \u00eatre effectu\u00e9s, par exemple le test T, le chi carr\u00e9 de Pearson\u00a0? is invalid\" aria-invalid=\"false\"  ><\/textarea>\n\t\n\t\n<\/div>\n<div id=\"frm_field_1395_container\" class=\"frm_form_field form-field  frm_top_container frm12 frm_first vertical_radio\">\r\n    <div  id=\"field_qtiyt2_label\" class=\"frm_primary_label\">Voulez-vous que les informations soient sp\u00e9cifi\u00e9es sous forme de nombres ou de pourcentages?\r\n        <span class=\"frm_required\" aria-hidden=\"true\"><\/span>\r\n    <\/div>\r\n    <div class=\"frm_opt_container\" aria-labelledby=\"field_qtiyt2_label\" role=\"group\">\t\t<div class=\"frm_checkbox\" id=\"frm_checkbox_1395-1389-0\">\t\t\t<label  for=\"field_qtiyt2-0\">\n\t\t\t<input type=\"checkbox\" name=\"item_meta[1395][]\" id=\"field_qtiyt2-0\" value=\"Nombres\"  data-sectionid=\"1389\"  data-invmsg=\"Voulez-vous que les informations soient sp\u00e9cifi\u00e9es sous forme de nombres ou de pourcentages? is invalid\"   \/> Nombres<\/label><\/div>\n\t\t<div class=\"frm_checkbox\" id=\"frm_checkbox_1395-1389-1\">\t\t\t<label  for=\"field_qtiyt2-1\">\n\t\t\t<input type=\"checkbox\" name=\"item_meta[1395][]\" id=\"field_qtiyt2-1\" value=\"Pourcentages\"  data-sectionid=\"1389\"  data-invmsg=\"Voulez-vous que les informations soient sp\u00e9cifi\u00e9es sous forme de nombres ou de pourcentages? is invalid\"   \/> Pourcentages<\/label><\/div>\n<\/div>\r\n    \r\n    \r\n<\/div>\n<div id=\"frm_field_1396_container\" class=\"frm_form_field form-field  frm_required_field frm_top_container frm12 frm_first vertical_radio\">\r\n    <div  id=\"field_2h7zu2_label\" class=\"frm_primary_label\">Voulez-vous des donn\u00e9es pond\u00e9r\u00e9es ou non?\r\n        <span class=\"frm_required\" aria-hidden=\"true\">*<\/span>\r\n    <\/div>\r\n    <div class=\"frm_opt_container\" aria-labelledby=\"field_2h7zu2_label\" role=\"radiogroup\" aria-required=\"true\">\t\t<div class=\"frm_radio\" id=\"frm_radio_1396-1389-0\">\t\t\t<label  for=\"field_2h7zu2-0\">\n\t\t\t\t\t<input type=\"radio\" name=\"item_meta[1396]\" id=\"field_2h7zu2-0\" value=\"Pond\u00e9r\u00e9es\"\n\t\t data-sectionid=\"1389\"  data-reqmsg=\"Voulez-vous des donn\u00e9es pond\u00e9r\u00e9es ou non? cannot be blank.\" data-invmsg=\"Voulez-vous des donn\u00e9es pond\u00e9r\u00e9es ou non? is invalid\"   \/> Pond\u00e9r\u00e9es<\/label><\/div>\n\t\t<div class=\"frm_radio\" id=\"frm_radio_1396-1389-1\">\t\t\t<label  for=\"field_2h7zu2-1\">\n\t\t\t\t\t<input type=\"radio\" name=\"item_meta[1396]\" id=\"field_2h7zu2-1\" value=\"Non-pond\u00e9r\u00e9es\"\n\t\t data-sectionid=\"1389\"  data-reqmsg=\"Voulez-vous des donn\u00e9es pond\u00e9r\u00e9es ou non? cannot be blank.\" data-invmsg=\"Voulez-vous des donn\u00e9es pond\u00e9r\u00e9es ou non? is invalid\"   \/> Non-pond\u00e9r\u00e9es<\/label><\/div>\n<\/div>\r\n    <div class=\"frm_description\" id=\"frm_desc_field_2h7zu2\">Dans les rapports CUSC-CCREU, les r\u00e9sultats sont pond\u00e9r\u00e9s pour compenser les \u00e9carts entre la population \u00e9tudiante parmi les\r\n\u00e9tablissements participants et la population \u00e9chantillon.<\/div>\r\n    \r\n<\/div>\n<div id=\"frm_field_1937_container\" class=\"frm_form_field form-field  frm_top_container\">\n\t<label for=\"field_ix4q6\" id=\"field_ix4q6_label\" class=\"frm_primary_label\">Mod\u00e8le de rapport (docx, html, pdf, pptx)\n\t\t<span class=\"frm_required\" aria-hidden=\"true\"><\/span>\n\t<\/label>\n\t<input type=\"hidden\"  data-sectionid=\"1389\"  data-invmsg=\"Mod\u00e8le de rapport (docx, html, pdf, pptx) is invalid\" aria-invalid=\"false\"   name=\"item_meta[1937]\"  value=\"\" data-frmfile=\"1937\" \/>\n\n<div class=\"frm_dropzone frm_single_upload frm_clearfix\" id=\"file1937_dropzone\" role=\"group\"  aria-describedby=\"frm_desc_field_ix4q6\">\n\t<div class=\"fallback\">\n\t\t<input type=\"file\" name=\"file1937\" id=\"field_ix4q6\"\n\t\t\t data-sectionid=\"1389\"  data-invmsg=\"Mod\u00e8le de rapport (docx, html, pdf, pptx) is invalid\" aria-invalid=\"false\"  \t\t\t\/>\n\t\t\t\t<div class=\"frm_clearfix \"><\/div>\n\t<\/div>\n\t<div class=\"dz-message needsclick\">\n\t\t\t\t<svg  viewBox=\"0 0 18 18\" class=\"frmsvg frm-svg-icon\">\n\t<path viewBox=\"0 0 18 18\" fill-rule=\"evenodd\" clip-rule=\"evenodd\" d=\"M8.2 4v8a.8.8 0 001.5 0V4l2.1 2.2A.7.7 0 1013 5L9.5 1.7a.7.7 0 00-1.1 0L5.1 5.2a.8.8 0 001 1l2.1-2zm7.6 4.3c.4 0 .7.3.7.7v6.8c0 .4-.3.7-.8.7H2.3a.8.8 0 01-.8-.8V9A.8.8 0 013 9v6h12V9c0-.4.3-.8.8-.8z\"><\/path>\n<\/svg>\t\t<span class=\"frm_upload_text\"><button type=\"button\" aria-label=\"Mod\u00e8le de rapport (docx, html, pdf, pptx). Drop a file here or click to upload. Maximum file size: 32.51MB\">Drop a file here or click to upload<\/button><\/span>\n\t\t<span class=\"frm_compact_text\"><button type=\"button\" aria-label=\"Mod\u00e8le de rapport (docx, html, pdf, pptx). Choose File. Maximum file size: 32.51MB\">Choose File<\/button><\/span>\n\t\t<div class=\"frm_small_text\">\n\t\t\t<p>Maximum file size: 32.51MB<\/p>\n\t\t<\/div>\n\t<\/div>\n<\/div>\n\t\n\t<div class=\"frm_description\" id=\"frm_desc_field_ix4q6\">Veuillez fournir un mod\u00e8le de mise en page pour le rapport. Indiquez les questions du sondage que vous souhaitez recevoir. Si vous souhaitez des tableaux crois\u00e9s, veuillez pr\u00e9ciser les variables (par exemple, sexe, origine ethnique).<\/div>\n\t\n<\/div>\n<\/div>\n<input type=\"hidden\" name=\"item_meta[1398]\" id=\"field_azel92\" value=\"\" data-frmval=\"\"\/>\n<div id=\"frm_field_1399_container\" class=\"frm_form_field form-field \">\r\n\t<div class=\"frm_submit\">\r\n\r\n<button class=\"frm_button_submit frm_final_submit\" type=\"submit\"   formnovalidate=\"formnovalidate\">Soumettre<\/button>\r\n\r\n<\/div>\r\n<\/div>\n\t<input type=\"hidden\" name=\"item_key\" value=\"\" \/>\n\t\t\t<div id=\"frm_field_1938_container\">\n\t\t\t<label for=\"field_hirl8\" >\n\t\t\t\tIf you are human, leave this field blank.\t\t\t<\/label>\n\t\t\t<input  id=\"field_hirl8\" type=\"text\" class=\"frm_form_field form-field frm_verify\" name=\"item_meta[1938]\" value=\"\"  \/>\n\t\t<\/div>\n\t\t<input name=\"frm_state\" type=\"hidden\" value=\"Rzm3X16hobZ+dq52MY+8ejv4unXSuaTJMgpzdURk1NoSE6HdJKH88b+Q35tlJjvY\" \/><\/div>\n<\/fieldset>\n<\/div>\n\n<\/form>\n<\/div>\n<\/div>\n<\/div><\/div>\n\n\n\n<p><\/p>\n","protected":false},"excerpt":{"rendered":"<p>Chaque universit\u00e9 qui participe au CUSC poss\u00e8de ses donn\u00e9es d&#8217;enqu\u00eate. Les membres du CUSC rendent les donn\u00e9es accessibles aux autres membres du Consortium conform\u00e9ment au . Cet accord interdit \u00e0 la Soci\u00e9t\u00e9 ou \u00e0 tout membre du Consortium de divulguer les donn\u00e9es de toute autre universit\u00e9. La Soci\u00e9t\u00e9 n&#8217;est pas propri\u00e9taire des donn\u00e9es et ne [&hellip;]<\/p>\n","protected":false},"author":2,"featured_media":0,"parent":3613,"menu_order":0,"comment_status":"closed","ping_status":"closed","template":"","meta":{"_uag_custom_page_level_css":"","site-sidebar-layout":"default","site-content-layout":"","ast-site-content-layout":"default","site-content-style":"default","site-sidebar-style":"default","ast-global-header-display":"","ast-banner-title-visibility":"","ast-main-header-display":"","ast-hfb-above-header-display":"","ast-hfb-below-header-display":"","ast-hfb-mobile-header-display":"","site-post-title":"","ast-breadcrumbs-content":"","ast-featured-img":"","footer-sml-layout":"","ast-disable-related-posts":"","theme-transparent-header-meta":"","adv-header-id-meta":"","stick-header-meta":"","header-above-stick-meta":"","header-main-stick-meta":"","header-below-stick-meta":"","astra-migrate-meta-layouts":"default","ast-page-background-enabled":"default","ast-page-background-meta":{"desktop":{"background-color":"var(--ast-global-color-4)","background-image":"","background-repeat":"repeat","background-position":"center center","background-size":"auto","background-attachment":"scroll","background-type":"","background-media":"","overlay-type":"","overlay-color":"","overlay-opacity":"","overlay-gradient":""},"tablet":{"background-color":"","background-image":"","background-repeat":"repeat","background-position":"center center","background-size":"auto","background-attachment":"scroll","background-type":"","background-media":"","overlay-type":"","overlay-color":"","overlay-opacity":"","overlay-gradient":""},"mobile":{"background-color":"","background-image":"","background-repeat":"repeat","background-position":"center center","background-size":"auto","background-attachment":"scroll","background-type":"","background-media":"","overlay-type":"","overlay-color":"","overlay-opacity":"","overlay-gradient":""}},"ast-content-background-meta":{"desktop":{"background-color":"var(--ast-global-color-5)","background-image":"","background-repeat":"repeat","background-position":"center center","background-size":"auto","background-attachment":"scroll","background-type":"","background-media":"","overlay-type":"","overlay-color":"","overlay-opacity":"","overlay-gradient":""},"tablet":{"background-color":"var(--ast-global-color-5)","background-image":"","background-repeat":"repeat","background-position":"center center","background-size":"auto","background-attachment":"scroll","background-type":"","background-media":"","overlay-type":"","overlay-color":"","overlay-opacity":"","overlay-gradient":""},"mobile":{"background-color":"var(--ast-global-color-5)","background-image":"","background-repeat":"repeat","background-position":"center center","background-size":"auto","background-attachment":"scroll","background-type":"","background-media":"","overlay-type":"","overlay-color":"","overlay-opacity":"","overlay-gradient":""}},"footnotes":""},"class_list":["post-3680","page","type-page","status-publish","hentry"],"uagb_featured_image_src":{"full":false,"thumbnail":false,"medium":false,"medium_large":false,"large":false,"1536x1536":false,"2048x2048":false},"uagb_author_info":{"display_name":"Glenn Keeler","author_link":"https:\/\/cusc-ccreu.ca\/wordpress\/?author=2"},"uagb_comment_info":0,"uagb_excerpt":"Chaque universit\u00e9 qui participe au CUSC poss\u00e8de ses donn\u00e9es d&#8217;enqu\u00eate. Les membres du CUSC rendent les donn\u00e9es accessibles aux autres membres du Consortium conform\u00e9ment au . Cet accord interdit \u00e0 la Soci\u00e9t\u00e9 ou \u00e0 tout membre du Consortium de divulguer les donn\u00e9es de toute autre universit\u00e9. La Soci\u00e9t\u00e9 n&#8217;est pas propri\u00e9taire des donn\u00e9es et ne&hellip;","_links":{"self":[{"href":"https:\/\/cusc-ccreu.ca\/wordpress\/index.php?rest_route=\/wp\/v2\/pages\/3680","targetHints":{"allow":["GET"]}}],"collection":[{"href":"https:\/\/cusc-ccreu.ca\/wordpress\/index.php?rest_route=\/wp\/v2\/pages"}],"about":[{"href":"https:\/\/cusc-ccreu.ca\/wordpress\/index.php?rest_route=\/wp\/v2\/types\/page"}],"author":[{"embeddable":true,"href":"https:\/\/cusc-ccreu.ca\/wordpress\/index.php?rest_route=\/wp\/v2\/users\/2"}],"replies":[{"embeddable":true,"href":"https:\/\/cusc-ccreu.ca\/wordpress\/index.php?rest_route=%2Fwp%2Fv2%2Fcomments&post=3680"}],"version-history":[{"count":4,"href":"https:\/\/cusc-ccreu.ca\/wordpress\/index.php?rest_route=\/wp\/v2\/pages\/3680\/revisions"}],"predecessor-version":[{"id":4687,"href":"https:\/\/cusc-ccreu.ca\/wordpress\/index.php?rest_route=\/wp\/v2\/pages\/3680\/revisions\/4687"}],"up":[{"embeddable":true,"href":"https:\/\/cusc-ccreu.ca\/wordpress\/index.php?rest_route=\/wp\/v2\/pages\/3613"}],"wp:attachment":[{"href":"https:\/\/cusc-ccreu.ca\/wordpress\/index.php?rest_route=%2Fwp%2Fv2%2Fmedia&parent=3680"}],"curies":[{"name":"wp","href":"https:\/\/api.w.org\/{rel}","templated":true}]}}