{"id":3669,"date":"2024-11-06T14:04:56","date_gmt":"2024-11-06T19:04:56","guid":{"rendered":"https:\/\/cusc-ccreu.ca\/wordpress\/?page_id=3669"},"modified":"2025-10-03T12:20:43","modified_gmt":"2025-10-03T17:20:43","slug":"rapports-generaux-du-ccreu","status":"publish","type":"page","link":"https:\/\/cusc-ccreu.ca\/wordpress\/?page_id=3669&lang=fr","title":{"rendered":"Rapports g\u00e9n\u00e9raux du CCREU"},"content":{"rendered":"<ul class=\"dlm-downloads\"><li><a  data-e-Disable-Page-Transition=\"true\" class=\"download-link\" title=\"\" href=\"https:\/\/cusc-ccreu.ca\/wordpress?download=4442&amp;tmstv=1776300666\" rel=\"nofollow\" id=\"download-link-4442\" data-redirect=\"false\" >\n\tCCREU 2025 Aupr\u00e8s des \u00e9tudiants de premi\u00e8re ann\u00e9e<\/a>\n<\/li><li><a  data-e-Disable-Page-Transition=\"true\" class=\"download-link\" title=\"\" href=\"https:\/\/cusc-ccreu.ca\/wordpress?download=4201&amp;tmstv=1776300666\" rel=\"nofollow\" id=\"download-link-4201\" data-redirect=\"false\" >\n\tCCREU 2024 Enqu\u00eate aupr\u00e8s des \u00e9tudiants de derni\u00e8re ann\u00e9e<\/a>\n<\/li><li><a  data-e-Disable-Page-Transition=\"true\" class=\"download-link\" title=\"Version year student survey_master report (french)\" href=\"https:\/\/cusc-ccreu.ca\/wordpress?download=2017&amp;tmstv=1776300666\" rel=\"nofollow\" id=\"download-link-2017\" data-redirect=\"false\" >\n\tCCREU 2023 - Aupr\u00e8s des \u00e9tudiants d\u2019ann\u00e9es interm\u00e9diaires<\/a>\n<\/li><li><a  data-e-Disable-Page-Transition=\"true\" class=\"download-link\" title=\"\" href=\"https:\/\/cusc-ccreu.ca\/wordpress?download=1087&amp;tmstv=1776300666\" rel=\"nofollow\" id=\"download-link-1087\" data-redirect=\"false\" >\n\tCCREU 2022 - Aupr\u00e8s des \u00e9tudiants de premi\u00e8re ann\u00e9e<\/a>\n<\/li><li><a  data-e-Disable-Page-Transition=\"true\" class=\"download-link\" title=\"\" href=\"https:\/\/cusc-ccreu.ca\/wordpress?download=926&amp;tmstv=1776300666\" rel=\"nofollow\" id=\"download-link-926\" data-redirect=\"false\" >\n\tCCREU 2021 - Aupr\u00e8s des \u00e9tudiants de derni\u00e8re ann\u00e9e<\/a>\n<\/li><li><a  data-e-Disable-Page-Transition=\"true\" class=\"download-link\" title=\"\" href=\"https:\/\/cusc-ccreu.ca\/wordpress?download=830&amp;tmstv=1776300666\" rel=\"nofollow\" id=\"download-link-830\" data-redirect=\"false\" >\n\tCCREU 2020 - Aupr\u00e8s des \u00e9tudiants d'ann\u00e9es interm\u00e9diaires<\/a>\n<\/li><li><a  data-e-Disable-Page-Transition=\"true\" class=\"download-link\" title=\"\" href=\"https:\/\/cusc-ccreu.ca\/wordpress?download=526&amp;tmstv=1776300666\" rel=\"nofollow\" id=\"download-link-526\" data-redirect=\"false\" >\n\tCCREU 2019 - Aupr\u00e8s des \u00e9tudiants de premi\u00e8re ann\u00e9e<\/a>\n<\/li><li><a  data-e-Disable-Page-Transition=\"true\" class=\"download-link\" title=\"\" href=\"https:\/\/cusc-ccreu.ca\/wordpress?download=382&amp;tmstv=1776300666\" rel=\"nofollow\" id=\"download-link-382\" data-redirect=\"false\" >\n\tCCREU 2018 - Aupr\u00e8s des \u00e9tudiants de derni\u00e8re ann\u00e9e<\/a>\n<\/li><li><a  data-e-Disable-Page-Transition=\"true\" class=\"download-link\" title=\"\" href=\"https:\/\/cusc-ccreu.ca\/wordpress?download=247&amp;tmstv=1776300666\" rel=\"nofollow\" id=\"download-link-247\" data-redirect=\"false\" >\n\tCCREU 2017 - Aupr\u00e8s des \u00e9tudiants d'ann\u00e9es interm\u00e9diaires<\/a>\n<\/li><li><a  data-e-Disable-Page-Transition=\"true\" class=\"download-link\" title=\"\" href=\"https:\/\/cusc-ccreu.ca\/wordpress?download=249&amp;tmstv=1776300666\" rel=\"nofollow\" id=\"download-link-249\" data-redirect=\"false\" >\n\tCCREU 2016 - Aupr\u00e8s des \u00e9tudiants de premi\u00e8re ann\u00e9e<\/a>\n<\/li><li><a  data-e-Disable-Page-Transition=\"true\" class=\"download-link\" title=\"\" href=\"https:\/\/cusc-ccreu.ca\/wordpress?download=251&amp;tmstv=1776300666\" rel=\"nofollow\" id=\"download-link-251\" data-redirect=\"false\" >\n\tCCREU 2015 - Aupr\u00e8s des \u00e9tudiants de derni\u00e8re ann\u00e9e<\/a>\n<\/li><li><a  data-e-Disable-Page-Transition=\"true\" class=\"download-link\" title=\"\" href=\"https:\/\/cusc-ccreu.ca\/wordpress?download=253&amp;tmstv=1776300666\" rel=\"nofollow\" id=\"download-link-253\" data-redirect=\"false\" >\n\tCCREU 2014 - Aupr\u00e8s des \u00e9tudiants d'ann\u00e9es interm\u00e9diaires<\/a>\n<\/li><li><a  data-e-Disable-Page-Transition=\"true\" class=\"download-link\" title=\"\" href=\"https:\/\/cusc-ccreu.ca\/wordpress?download=255&amp;tmstv=1776300666\" rel=\"nofollow\" id=\"download-link-255\" data-redirect=\"false\" >\n\tCCREU 2013 - Aupr\u00e8s des \u00e9tudiants de premi\u00e8re ann\u00e9e<\/a>\n<\/li><li><a  data-e-Disable-Page-Transition=\"true\" class=\"download-link\" title=\"\" href=\"https:\/\/cusc-ccreu.ca\/wordpress?download=257&amp;tmstv=1776300666\" rel=\"nofollow\" id=\"download-link-257\" data-redirect=\"false\" >\n\tCCREU 2012 - Aupr\u00e8s des \u00e9tudiants de derni\u00e8re ann\u00e9e<\/a>\n<\/li><\/ul>\n\t\t\t\t\n\n\n\n<h4 class=\"wp-block-heading\">Rapports g\u00e9n\u00e9raux du CCREU (disponibles en anglais seulement)<\/h4>\n\n\n<ul class=\"dlm-downloads\"><li><a  data-e-Disable-Page-Transition=\"true\" class=\"download-link\" title=\"\" href=\"https:\/\/cusc-ccreu.ca\/wordpress?download=149&amp;tmstv=1776300666\" rel=\"nofollow\" id=\"download-link-149\" data-redirect=\"false\" >\n\tCUSC 2011 Undergraduate Students Survey<\/a>\n<\/li><li><a  data-e-Disable-Page-Transition=\"true\" class=\"download-link\" title=\"\" href=\"https:\/\/cusc-ccreu.ca\/wordpress?download=151&amp;tmstv=1776300666\" rel=\"nofollow\" id=\"download-link-151\" data-redirect=\"false\" >\n\tCUSC 2010 First-Year Students Survey<\/a>\n<\/li><li><a  data-e-Disable-Page-Transition=\"true\" class=\"download-link\" title=\"\" href=\"https:\/\/cusc-ccreu.ca\/wordpress?download=153&amp;tmstv=1776300666\" rel=\"nofollow\" id=\"download-link-153\" data-redirect=\"false\" >\n\tCUSC 2009 Graduating Students Survey<\/a>\n<\/li><li><a  data-e-Disable-Page-Transition=\"true\" class=\"download-link\" title=\"\" href=\"https:\/\/cusc-ccreu.ca\/wordpress?download=155&amp;tmstv=1776300666\" rel=\"nofollow\" id=\"download-link-155\" data-redirect=\"false\" >\n\tCUSC 2008 Undergraduate Students Survey<\/a>\n<\/li><li><a  data-e-Disable-Page-Transition=\"true\" class=\"download-link\" title=\"\" href=\"https:\/\/cusc-ccreu.ca\/wordpress?download=157&amp;tmstv=1776300666\" rel=\"nofollow\" id=\"download-link-157\" data-redirect=\"false\" >\n\tCUSC 2007 First-Year Students Survey<\/a>\n<\/li><li><a  data-e-Disable-Page-Transition=\"true\" class=\"download-link\" title=\"\" href=\"https:\/\/cusc-ccreu.ca\/wordpress?download=159&amp;tmstv=1776300666\" rel=\"nofollow\" id=\"download-link-159\" data-redirect=\"false\" >\n\tCUSC 2006 Graduating Students Survey<\/a>\n<\/li><li><a  data-e-Disable-Page-Transition=\"true\" class=\"download-link\" title=\"\" href=\"https:\/\/cusc-ccreu.ca\/wordpress?download=161&amp;tmstv=1776300666\" rel=\"nofollow\" id=\"download-link-161\" data-redirect=\"false\" >\n\tCUSC 2005 Undergraduate Students Survey<\/a>\n<\/li><li><a  data-e-Disable-Page-Transition=\"true\" class=\"download-link\" title=\"\" href=\"https:\/\/cusc-ccreu.ca\/wordpress?download=163&amp;tmstv=1776300666\" rel=\"nofollow\" id=\"download-link-163\" data-redirect=\"false\" >\n\tCUSC 2004 First-Year Students Survey<\/a>\n<\/li><li><a  data-e-Disable-Page-Transition=\"true\" class=\"download-link\" title=\"\" href=\"https:\/\/cusc-ccreu.ca\/wordpress?download=165&amp;tmstv=1776300666\" rel=\"nofollow\" id=\"download-link-165\" data-redirect=\"false\" >\n\tCUSC 2003 Graduating Students Survey<\/a>\n<\/li><li><a  data-e-Disable-Page-Transition=\"true\" class=\"download-link\" title=\"\" href=\"https:\/\/cusc-ccreu.ca\/wordpress?download=167&amp;tmstv=1776300666\" rel=\"nofollow\" id=\"download-link-167\" data-redirect=\"false\" >\n\tCUSC 2002 Undergraduate Students Survey<\/a>\n<\/li><li><a  data-e-Disable-Page-Transition=\"true\" class=\"download-link\" title=\"\" href=\"https:\/\/cusc-ccreu.ca\/wordpress?download=169&amp;tmstv=1776300666\" rel=\"nofollow\" id=\"download-link-169\" data-redirect=\"false\" >\n\tCUSC 2001 First-Year Students Survey<\/a>\n<\/li><li><a  data-e-Disable-Page-Transition=\"true\" class=\"download-link\" title=\"\" href=\"https:\/\/cusc-ccreu.ca\/wordpress?download=171&amp;tmstv=1776300666\" rel=\"nofollow\" id=\"download-link-171\" data-redirect=\"false\" >\n\tCUSC 2000 Graduating Students Survey<\/a>\n<\/li><li><a  data-e-Disable-Page-Transition=\"true\" class=\"download-link\" title=\"\" href=\"https:\/\/cusc-ccreu.ca\/wordpress?download=173&amp;tmstv=1776300666\" rel=\"nofollow\" id=\"download-link-173\" data-redirect=\"false\" >\n\tCUSC 1999 Undergraduate Students Survey<\/a>\n<\/li><li><a  data-e-Disable-Page-Transition=\"true\" class=\"download-link\" title=\"\" href=\"https:\/\/cusc-ccreu.ca\/wordpress?download=175&amp;tmstv=1776300666\" rel=\"nofollow\" id=\"download-link-175\" data-redirect=\"false\" >\n\tCUSC 1998 First-Year Students Survey<\/a>\n<\/li><li><a  data-e-Disable-Page-Transition=\"true\" class=\"download-link\" title=\"\" href=\"https:\/\/cusc-ccreu.ca\/wordpress?download=177&amp;tmstv=1776300666\" rel=\"nofollow\" id=\"download-link-177\" data-redirect=\"false\" >\n\tCUSC 1997 Graduating Students Survey<\/a>\n<\/li><\/ul>\n\t\t\t\t\n\n\n\n<p><\/p>\n","protected":false},"excerpt":{"rendered":"<p>Rapports g\u00e9n\u00e9raux du CCREU (disponibles en anglais seulement)<\/p>\n","protected":false},"author":2,"featured_media":0,"parent":3613,"menu_order":1,"comment_status":"closed","ping_status":"closed","template":"","meta":{"_uag_custom_page_level_css":"","site-sidebar-layout":"default","site-content-layout":"","ast-site-content-layout":"default","site-content-style":"default","site-sidebar-style":"default","ast-global-header-display":"","ast-banner-title-visibility":"","ast-main-header-display":"","ast-hfb-above-header-display":"","ast-hfb-below-header-display":"","ast-hfb-mobile-header-display":"","site-post-title":"","ast-breadcrumbs-content":"","ast-featured-img":"","footer-sml-layout":"","ast-disable-related-posts":"","theme-transparent-header-meta":"","adv-header-id-meta":"","stick-header-meta":"","header-above-stick-meta":"","header-main-stick-meta":"","header-below-stick-meta":"","astra-migrate-meta-layouts":"default","ast-page-background-enabled":"default","ast-page-background-meta":{"desktop":{"background-color":"var(--ast-global-color-4)","background-image":"","background-repeat":"repeat","background-position":"center center","background-size":"auto","background-attachment":"scroll","background-type":"","background-media":"","overlay-type":"","overlay-color":"","overlay-opacity":"","overlay-gradient":""},"tablet":{"background-color":"","background-image":"","background-repeat":"repeat","background-position":"center center","background-size":"auto","background-attachment":"scroll","background-type":"","background-media":"","overlay-type":"","overlay-color":"","overlay-opacity":"","overlay-gradient":""},"mobile":{"background-color":"","background-image":"","background-repeat":"repeat","background-position":"center center","background-size":"auto","background-attachment":"scroll","background-type":"","background-media":"","overlay-type":"","overlay-color":"","overlay-opacity":"","overlay-gradient":""}},"ast-content-background-meta":{"desktop":{"background-color":"var(--ast-global-color-5)","background-image":"","background-repeat":"repeat","background-position":"center center","background-size":"auto","background-attachment":"scroll","background-type":"","background-media":"","overlay-type":"","overlay-color":"","overlay-opacity":"","overlay-gradient":""},"tablet":{"background-color":"var(--ast-global-color-5)","background-image":"","background-repeat":"repeat","background-position":"center center","background-size":"auto","background-attachment":"scroll","background-type":"","background-media":"","overlay-type":"","overlay-color":"","overlay-opacity":"","overlay-gradient":""},"mobile":{"background-color":"var(--ast-global-color-5)","background-image":"","background-repeat":"repeat","background-position":"center center","background-size":"auto","background-attachment":"scroll","background-type":"","background-media":"","overlay-type":"","overlay-color":"","overlay-opacity":"","overlay-gradient":""}},"footnotes":""},"class_list":["post-3669","page","type-page","status-publish","hentry"],"uagb_featured_image_src":{"full":false,"thumbnail":false,"medium":false,"medium_large":false,"large":false,"1536x1536":false,"2048x2048":false},"uagb_author_info":{"display_name":"Glenn Keeler","author_link":"https:\/\/cusc-ccreu.ca\/wordpress\/?author=2"},"uagb_comment_info":0,"uagb_excerpt":"Rapports g\u00e9n\u00e9raux du CCREU (disponibles en anglais seulement)","_links":{"self":[{"href":"https:\/\/cusc-ccreu.ca\/wordpress\/index.php?rest_route=\/wp\/v2\/pages\/3669","targetHints":{"allow":["GET"]}}],"collection":[{"href":"https:\/\/cusc-ccreu.ca\/wordpress\/index.php?rest_route=\/wp\/v2\/pages"}],"about":[{"href":"https:\/\/cusc-ccreu.ca\/wordpress\/index.php?rest_route=\/wp\/v2\/types\/page"}],"author":[{"embeddable":true,"href":"https:\/\/cusc-ccreu.ca\/wordpress\/index.php?rest_route=\/wp\/v2\/users\/2"}],"replies":[{"embeddable":true,"href":"https:\/\/cusc-ccreu.ca\/wordpress\/index.php?rest_route=%2Fwp%2Fv2%2Fcomments&post=3669"}],"version-history":[{"count":5,"href":"https:\/\/cusc-ccreu.ca\/wordpress\/index.php?rest_route=\/wp\/v2\/pages\/3669\/revisions"}],"predecessor-version":[{"id":4445,"href":"https:\/\/cusc-ccreu.ca\/wordpress\/index.php?rest_route=\/wp\/v2\/pages\/3669\/revisions\/4445"}],"up":[{"embeddable":true,"href":"https:\/\/cusc-ccreu.ca\/wordpress\/index.php?rest_route=\/wp\/v2\/pages\/3613"}],"wp:attachment":[{"href":"https:\/\/cusc-ccreu.ca\/wordpress\/index.php?rest_route=%2Fwp%2Fv2%2Fmedia&parent=3669"}],"curies":[{"name":"wp","href":"https:\/\/api.w.org\/{rel}","templated":true}]}}