{"id":3611,"date":"2024-08-20T12:06:54","date_gmt":"2024-08-20T17:06:54","guid":{"rendered":"https:\/\/cusc-ccreu.ca\/wordpress\/?page_id=3611"},"modified":"2025-11-21T11:36:36","modified_gmt":"2025-11-21T16:36:36","slug":"participer","status":"publish","type":"page","link":"https:\/\/cusc-ccreu.ca\/wordpress\/?page_id=3611&lang=fr","title":{"rendered":"Prendre part"},"content":{"rendered":"\n<div class=\"wp-block-uagb-container uagb-block-31ec58ef alignfull uagb-is-root-container\"><div class=\"uagb-container-inner-blocks-wrap\">\n<div class=\"wp-block-uagb-info-box uagb-block-f7fd8c43 uagb-infobox__content-wrap  uagb-infobox-icon-above-title uagb-infobox-image-valign-top\"><div class=\"uagb-ifb-content\"><div class=\"uagb-ifb-title-wrap\"><h3 class=\"uagb-ifb-title\">Qui peut participer?<\/h3><\/div><p class=\"uagb-ifb-desc\">Toutes universit\u00e9s canadiennes autoris\u00e9es \u00e0 d\u00e9cerner des dipl\u00f4mes de baccalaur\u00e9at peuvent devenir membres du CUSC-CCREU. La dur\u00e9e d\u2019adh\u00e9sion est annuelle du premier (1er) jour de janvier au dernier (31e) jour de d\u00e9cembre de l\u2019ann\u00e9e en cours.<br><br>Les \u00e9tablissements postsecondaires qui ne souhaitent pas devenir membres peuvent participer aux enqu\u00eates du CUSC-CCREU \u00e0 la discr\u00e9tion du Conseil d&#8217;administration.<\/p><\/div><\/div>\n\n\n\n\n\n<div class=\"wp-block-columns alignwide is-layout-flex wp-container-core-columns-is-layout-d2da2050 wp-block-columns-is-layout-flex\" style=\"margin-bottom:0\">\n<div class=\"wp-block-column has-text-color has-background has-link-color wp-elements-1e475d91434f500ffe192cdf974147ec is-layout-flow wp-block-column-is-layout-flow\" style=\"color:#000000;background-color:#ffe97d;padding-top:2em;padding-right:2em;padding-bottom:2em;padding-left:2em\">\n<h2 class=\"wp-block-heading\" id=\"member\" style=\"font-size:40px\"><strong>Memb<\/strong>re<\/h2>\n\n\n\n<p class=\"has-normal-font-size\" style=\"line-height:1.5\">Rejoignez notre consortium d&#8217;universit\u00e9s \u00e0 travers le Canada, \u00e9coutez les commentaires de vos \u00e9tudiants et obtenez des indicateurs nationaux, r\u00e9gionaux et personnalis\u00e9s. <\/p>\n\n\n\n<hr class=\"wp-block-separator has-text-color has-css-opacity has-background is-style-wide\" style=\"background-color:#000000;color:#000000\"\/>\n\n\n\n<div class=\"wp-block-buttons alignfull is-horizontal is-content-justification-center is-layout-flex wp-container-core-buttons-is-layout-03627597 wp-block-buttons-is-layout-flex\">\n<div class=\"wp-block-button has-custom-width wp-block-button__width-100\"><a class=\"wp-block-button__link has-white-color has-text-color has-background wp-element-button\" href=\"https:\/\/cusc-ccreu.ca\/wordpress\/?docs=ccreu-procedures-manual\/prices\" style=\"border-radius:10px;background-color:#000000\">500$ plus la trousse des r\u00e9sultats de l&#8217;enqu\u00eate et le co\u00fbt des options additionnelles<\/a><\/div>\n<\/div>\n\n\n\n<div class=\"wp-block-uagb-advanced-heading uagb-block-06cd1234\"><h5 class=\"uagb-heading-text\">Gouvernance du consortium<\/h5><\/div>\n\n\n\n<ul class=\"wp-block-list has-small-font-size\">\n<li>Signer l&#8217;<em>Accord sur l\u2019utilisation des donn\u00e9es et sur l\u2019adh\u00e9sion au consortium<\/em><\/li>\n\n\n\n<li>Voter aux assembl\u00e9es g\u00e9n\u00e9rales annuelles du CUSC-CCREU<\/li>\n\n\n\n<li>Si\u00e9ger au Conseil d&#8217;administration et\/ou aux comit\u00e9s<\/li>\n<\/ul>\n\n\n\n<div class=\"wp-block-uagb-advanced-heading uagb-block-840c6c1c\"><h5 class=\"uagb-heading-text\"><a href=\"https:\/\/cusc-ccreu.ca\/wordpress\/?docs=ccreu-manuel-des-procedures\/inscription\/page-6-trousse-des-resultats-du-sondage\" data-type=\"link\" data-id=\"https:\/\/cusc-ccreu.ca\/wordpress\/?docs=procedures-manual\/registration\/page-6-survey-results-package\">Trousse des r\u00e9sultats de l&#8217;enqu\u00eate<\/a><\/h5><\/div>\n\n\n\n<ul class=\"wp-block-list has-small-font-size\">\n<li>Rapport g\u00e9n\u00e9ral &#8211; donn\u00e9es nationales analys\u00e9es par rapport aux trois groupes d&#8217;\u00e9tablissements (d\u00e9termin\u00e9s par la taille et les types de programmes)<\/li>\n\n\n\n<li>Rapport complet de l\u2019\u00e9tablissement &#8211; les donn\u00e9es institutionnelles compar\u00e9es aux r\u00e9sultats nationaux et aux trois groupes du CUSC-CCREU<\/li>\n\n\n\n<li>Rapport universitaire abr\u00e9g\u00e9 \u00ab Faits saillants \u00bb &#8211; comparaison des donn\u00e9es institutionnelles avec les donn\u00e9es nationales et les donn\u00e9es du groupe du CUSC-CCREU<\/li>\n\n\n\n<li>Fichiers de donn\u00e9es de l\u2019\u00e9tablissement &#8211; les r\u00e9ponses de vos \u00e9tudiants \u00e0 toutes les questions de l&#8217;enqu\u00eate, y compris les questions ouvertes<\/li>\n\n\n\n<li>Fichiers des donn\u00e9es g\u00e9n\u00e9rales &#8211; toutes les r\u00e9ponses des \u00e9tudiants des \u00e9tablissements membres participants, \u00e0 l&#8217;exception des questions ouvertes<\/li>\n\n\n\n<li>Classeur Tableau et donn\u00e9es<\/li>\n<\/ul>\n\n\n\n<div class=\"wp-block-uagb-advanced-heading uagb-block-ce25ed98\"><h5 class=\"uagb-heading-text\">Options d&#8217;enqu\u00eate<\/h5><\/div>\n\n\n\n<ul class=\"wp-block-list has-small-font-size\">\n<li>Questions suppl\u00e9mentaires (facultatif)<\/li>\n\n\n\n<li>Messages d\u2019invitation et de rappel<\/li>\n\n\n\n<li>Syst\u00e8me de gestion de l\u2019apprentissage (facultatif)<\/li>\n\n\n\n<li>Exp\u00e9rience (facultatif)<\/li>\n\n\n\n<li>Modules d&#8217;enqu\u00eate (facultatif)<\/li>\n<\/ul>\n\n\n\n<div class=\"wp-block-uagb-advanced-heading uagb-block-e93357f3\"><h5 class=\"uagb-heading-text\">Rapports optionnels<\/h5><\/div>\n\n\n\n<ul class=\"wp-block-list has-small-font-size\">\n<li>Donn\u00e9es et rapport du groupe de collaboration (facultatif)<\/li>\n\n\n\n<li>Rapports de comparaison (facultatif)<\/li>\n\n\n\n<li>Tableaux de donn\u00e9es de l\u2019\u00e9tablissement avec des tests de significativit\u00e9 (facultatif)<\/li>\n\n\n\n<li>Rapport sommaire (facultatif)<\/li>\n\n\n\n<li>Cat\u00e9gorisation des r\u00e9ponses ouvertes (facultatif)<\/li>\n\n\n\n<li>Analyses et rapports sp\u00e9ciaux (facultatif)<\/li>\n<\/ul>\n<\/div>\n\n\n\n<div class=\"wp-block-column has-ast-global-color-6-background-color has-text-color has-background has-link-color wp-elements-9c59ec58ba858050119a137885b6f591 is-layout-flow wp-block-column-is-layout-flow\" style=\"color:#000000;padding-top:2em;padding-right:2em;padding-bottom:2em;padding-left:2em\">\n<h2 class=\"wp-block-heading\" id=\"nonmember\" style=\"font-size:40px\"><strong>Non-memb<\/strong>re<\/h2>\n\n\n\n<p class=\"has-normal-font-size\" style=\"line-height:1.5\">Acc\u00e9dez \u00e0 l&#8217;enqu\u00eate pour mieux conna\u00eetre vos \u00e9tudiants et utilisez vos donn\u00e9es pour am\u00e9liorer vos op\u00e9rations.<\/p>\n\n\n\n<hr class=\"wp-block-separator has-css-opacity is-style-wide\"\/>\n\n\n\n<div class=\"wp-block-buttons alignfull is-horizontal is-content-justification-center is-layout-flex wp-container-core-buttons-is-layout-03627597 wp-block-buttons-is-layout-flex\">\n<div class=\"wp-block-button has-custom-width wp-block-button__width-100 is-style-fill\"><a class=\"wp-block-button__link has-white-color has-text-color has-background wp-element-button\" href=\"https:\/\/cusc-ccreu.ca\/wordpress\/?docs=ccreu-procedures-manual\/prices\" style=\"border-radius:10px;background-color:#000000\">250$ plus la trousse des r\u00e9sultats de l&#8217;enqu\u00eate et le co\u00fbt des options additionnelles<\/a><\/div>\n<\/div>\n\n\n\n<div class=\"wp-block-uagb-advanced-heading uagb-block-dfcac206\"><h5 class=\"uagb-heading-text\">Gouvernance du consortium<\/h5><\/div>\n\n\n\n<ul class=\"wp-block-list\">\n<li class=\"has-small-font-size\">Aucun r\u00f4le de gouvernance<\/li>\n<\/ul>\n\n\n\n<div class=\"wp-block-uagb-advanced-heading uagb-block-0802c792\"><h5 class=\"uagb-heading-text\"><a href=\"https:\/\/cusc-ccreu.ca\/wordpress\/?docs=ccreu-manuel-des-procedures\/inscription\/page-6-trousse-des-resultats-du-sondage\" data-type=\"link\" data-id=\"https:\/\/cusc-ccreu.ca\/wordpress\/?docs=procedures-manual\/registration\/page-6-survey-results-package\">Trousse des r\u00e9sultats de l&#8217;enqu\u00eate<\/a><\/h5><\/div>\n\n\n\n<ul class=\"wp-block-list has-small-font-size\">\n<li>Rapport g\u00e9n\u00e9ral<\/li>\n\n\n\n<li>Rapport complet de l\u2019\u00e9tablissement<\/li>\n\n\n\n<li>Fichiers de donn\u00e9es de l\u2019\u00e9tablissement<\/li>\n<\/ul>\n\n\n\n<div class=\"wp-block-uagb-advanced-heading uagb-block-d8dc20ac\"><h5 class=\"uagb-heading-text\">Options d&#8217;enqu\u00eate<\/h5><\/div>\n\n\n\n<ul class=\"wp-block-list has-small-font-size\">\n<li>Questions suppl\u00e9mentaires (facultatif)<\/li>\n\n\n\n<li>Omission de questions standards de l&#8217;enqu\u00eate (facultatif)<\/li>\n\n\n\n<li>Messages d\u2019invitation et de rappel<\/li>\n\n\n\n<li>Syst\u00e8me de gestion de l\u2019apprentissage (facultatif)<\/li>\n\n\n\n<li>Exp\u00e9rience (facultatif)<\/li>\n\n\n\n<li>Modules d&#8217;enqu\u00eate (facultatif)<\/li>\n<\/ul>\n\n\n\n<div class=\"wp-block-uagb-advanced-heading uagb-block-f46acd3a\"><h5 class=\"uagb-heading-text\">Rapports optionnels<\/h5><\/div>\n\n\n\n<ul class=\"wp-block-list has-small-font-size\">\n<li>Donn\u00e9es et rapport du groupe de collaboration (facultatif)<\/li>\n\n\n\n<li>Cat\u00e9gorisation des r\u00e9ponses ouvertes (facultatif)<\/li>\n\n\n\n<li>Analyses et rapports sp\u00e9ciaux (facultatif)<\/li>\n<\/ul>\n<\/div>\n<\/div>\n<\/div><\/div>\n","protected":false},"excerpt":{"rendered":"<p>Membre Rejoignez notre consortium d&#8217;universit\u00e9s \u00e0 travers le Canada, \u00e9coutez les commentaires de vos \u00e9tudiants et obtenez des indicateurs nationaux, r\u00e9gionaux et personnalis\u00e9s. Gouvernance du consortium Trousse des r\u00e9sultats de l&#8217;enqu\u00eate Options d&#8217;enqu\u00eate Rapports optionnels Non-membre Acc\u00e9dez \u00e0 l&#8217;enqu\u00eate pour mieux conna\u00eetre vos \u00e9tudiants et utilisez vos donn\u00e9es pour am\u00e9liorer vos op\u00e9rations. Gouvernance du consortium [&hellip;]<\/p>\n","protected":false},"author":2,"featured_media":0,"parent":3467,"menu_order":0,"comment_status":"closed","ping_status":"closed","template":"","meta":{"_uag_custom_page_level_css":"","site-sidebar-layout":"default","site-content-layout":"","ast-site-content-layout":"default","site-content-style":"default","site-sidebar-style":"default","ast-global-header-display":"","ast-banner-title-visibility":"","ast-main-header-display":"","ast-hfb-above-header-display":"","ast-hfb-below-header-display":"","ast-hfb-mobile-header-display":"","site-post-title":"disabled","ast-breadcrumbs-content":"","ast-featured-img":"","footer-sml-layout":"","ast-disable-related-posts":"","theme-transparent-header-meta":"","adv-header-id-meta":"","stick-header-meta":"","header-above-stick-meta":"","header-main-stick-meta":"","header-below-stick-meta":"","astra-migrate-meta-layouts":"","ast-page-background-enabled":"default","ast-page-background-meta":{"desktop":{"background-color":"var(--ast-global-color-4)","background-image":"","background-repeat":"repeat","background-position":"center center","background-size":"auto","background-attachment":"scroll","background-type":"","background-media":"","overlay-type":"","overlay-color":"","overlay-opacity":"","overlay-gradient":""},"tablet":{"background-color":"","background-image":"","background-repeat":"repeat","background-position":"center center","background-size":"auto","background-attachment":"scroll","background-type":"","background-media":"","overlay-type":"","overlay-color":"","overlay-opacity":"","overlay-gradient":""},"mobile":{"background-color":"","background-image":"","background-repeat":"repeat","background-position":"center center","background-size":"auto","background-attachment":"scroll","background-type":"","background-media":"","overlay-type":"","overlay-color":"","overlay-opacity":"","overlay-gradient":""}},"ast-content-background-meta":{"desktop":{"background-color":"var(--ast-global-color-5)","background-image":"","background-repeat":"repeat","background-position":"center center","background-size":"auto","background-attachment":"scroll","background-type":"","background-media":"","overlay-type":"","overlay-color":"","overlay-opacity":"","overlay-gradient":""},"tablet":{"background-color":"var(--ast-global-color-5)","background-image":"","background-repeat":"repeat","background-position":"center center","background-size":"auto","background-attachment":"scroll","background-type":"","background-media":"","overlay-type":"","overlay-color":"","overlay-opacity":"","overlay-gradient":""},"mobile":{"background-color":"var(--ast-global-color-5)","background-image":"","background-repeat":"repeat","background-position":"center center","background-size":"auto","background-attachment":"scroll","background-type":"","background-media":"","overlay-type":"","overlay-color":"","overlay-opacity":"","overlay-gradient":""}},"footnotes":""},"class_list":["post-3611","page","type-page","status-publish","hentry"],"uagb_featured_image_src":{"full":false,"thumbnail":false,"medium":false,"medium_large":false,"large":false,"1536x1536":false,"2048x2048":false},"uagb_author_info":{"display_name":"Glenn Keeler","author_link":"https:\/\/cusc-ccreu.ca\/wordpress\/?author=2"},"uagb_comment_info":0,"uagb_excerpt":"Membre Rejoignez notre consortium d&#8217;universit\u00e9s \u00e0 travers le Canada, \u00e9coutez les commentaires de vos \u00e9tudiants et obtenez des indicateurs nationaux, r\u00e9gionaux et personnalis\u00e9s. Gouvernance du consortium Trousse des r\u00e9sultats de l&#8217;enqu\u00eate Options d&#8217;enqu\u00eate Rapports optionnels Non-membre Acc\u00e9dez \u00e0 l&#8217;enqu\u00eate pour mieux conna\u00eetre vos \u00e9tudiants et utilisez vos donn\u00e9es pour am\u00e9liorer vos op\u00e9rations. Gouvernance du consortium&hellip;","_links":{"self":[{"href":"https:\/\/cusc-ccreu.ca\/wordpress\/index.php?rest_route=\/wp\/v2\/pages\/3611","targetHints":{"allow":["GET"]}}],"collection":[{"href":"https:\/\/cusc-ccreu.ca\/wordpress\/index.php?rest_route=\/wp\/v2\/pages"}],"about":[{"href":"https:\/\/cusc-ccreu.ca\/wordpress\/index.php?rest_route=\/wp\/v2\/types\/page"}],"author":[{"embeddable":true,"href":"https:\/\/cusc-ccreu.ca\/wordpress\/index.php?rest_route=\/wp\/v2\/users\/2"}],"replies":[{"embeddable":true,"href":"https:\/\/cusc-ccreu.ca\/wordpress\/index.php?rest_route=%2Fwp%2Fv2%2Fcomments&post=3611"}],"version-history":[{"count":11,"href":"https:\/\/cusc-ccreu.ca\/wordpress\/index.php?rest_route=\/wp\/v2\/pages\/3611\/revisions"}],"predecessor-version":[{"id":4598,"href":"https:\/\/cusc-ccreu.ca\/wordpress\/index.php?rest_route=\/wp\/v2\/pages\/3611\/revisions\/4598"}],"up":[{"embeddable":true,"href":"https:\/\/cusc-ccreu.ca\/wordpress\/index.php?rest_route=\/wp\/v2\/pages\/3467"}],"wp:attachment":[{"href":"https:\/\/cusc-ccreu.ca\/wordpress\/index.php?rest_route=%2Fwp%2Fv2%2Fmedia&parent=3611"}],"curies":[{"name":"wp","href":"https:\/\/api.w.org\/{rel}","templated":true}]}}