{"id":3609,"date":"2024-08-20T12:04:55","date_gmt":"2024-08-20T17:04:55","guid":{"rendered":"https:\/\/cusc-ccreu.ca\/wordpress\/?page_id=3609"},"modified":"2024-11-25T16:08:43","modified_gmt":"2024-11-25T21:08:43","slug":"etudiants-de-derniere-annee","status":"publish","type":"page","link":"https:\/\/cusc-ccreu.ca\/wordpress\/?page_id=3609&lang=fr","title":{"rendered":"\u00c9tudiants de derni\u00e8re ann\u00e9e"},"content":{"rendered":"\n<div class=\"wp-block-uagb-container uagb-block-97da5d8a alignfull uagb-is-root-container\">\n<div class=\"wp-block-uagb-container uagb-block-a10c70da\">\n<h3 class=\"wp-block-heading\">Prochaine inscription<\/h3>\n\n\n\n<div class=\"wp-block-uagb-container uagb-block-b3519cd3\">\n<div class=\"wp-block-columns is-layout-flex wp-container-core-columns-is-layout-28f84493 wp-block-columns-is-layout-flex\">\n<div class=\"wp-block-column is-layout-flow wp-block-column-is-layout-flow\" style=\"flex-basis:20%\">\n<div class=\"wp-block-uagb-countdown uagb-block-77696740\"><div class=\"wp-block-uagb-countdown__box wp-block-uagb-countdown__box-days\"><div role=\"timer\" aria-live=\"off\" class=\"wp-block-uagb-countdown__time wp-block-uagb-countdown__time-days\">&#8211;<\/div><div class=\"wp-block-uagb-countdown__label\">DAYS<\/div><\/div><div class=\"wp-block-uagb-countdown__box wp-block-uagb-countdown__box-hours\"><div role=\"timer\" aria-live=\"off\" class=\"wp-block-uagb-countdown__time wp-block-uagb-countdown__time-hours\">&#8211;<\/div><div class=\"wp-block-uagb-countdown__label\">HOURS<\/div><\/div><div class=\"wp-block-uagb-countdown__box wp-block-uagb-countdown__box-minutes\"><div role=\"timer\" aria-live=\"off\" class=\"wp-block-uagb-countdown__time wp-block-uagb-countdown__time-minutes\">&#8211;<\/div><div class=\"wp-block-uagb-countdown__label\">MINUTES<\/div><\/div><div class=\"wp-block-uagb-countdown__box wp-block-uagb-countdown__box-seconds\"><div role=\"timer\" aria-live=\"off\" class=\"wp-block-uagb-countdown__time wp-block-uagb-countdown__time-seconds\">&#8211;<\/div><div class=\"wp-block-uagb-countdown__label\">SECONDS<\/div><\/div><\/div>\n<\/div>\n\n\n\n<div class=\"wp-block-column is-layout-flow wp-block-column-is-layout-flow\" style=\"flex-basis:66.66%\">\n<p>L&#8217;enqu\u00eate aupr\u00e8s des \u00e9tudiants de derni\u00e8re ann\u00e9e est r\u00e9alis\u00e9e tous les trois ans. Les inscriptions ouvrent \u00e0 l&#8217;automne pr\u00e9c\u00e9dant l&#8217;administration de l&#8217;enqu\u00eate.<\/p>\n\n\n\n<p>La prochaine administration est en 2027. Les inscriptions ouvriront \u00e0 l&#8217;automne 2026.<\/p>\n<\/div>\n<\/div>\n\n\n\n<div class=\"wp-block-columns is-layout-flex wp-container-core-columns-is-layout-28f84493 wp-block-columns-is-layout-flex\">\n<div class=\"wp-block-column is-layout-flow wp-block-column-is-layout-flow\"><div class=\"frm_forms  with_frm_style frm_style_lines-no-boxes frm_chat_form_cont\" id=\"frm_form_31_container\" data-token=\"8e2cd80c7f1752bb6b6ef9285b1fff6a\">\n<form enctype=\"multipart\/form-data\" method=\"post\" class=\"frm-show-form  frm_js_validate  frm_pro_form \" id=\"form_online-contact-us2\" data-token=\"8e2cd80c7f1752bb6b6ef9285b1fff6a\">\n<div class=\"frm_form_fields \">\n<fieldset>\n<legend class=\"frm_screen_reader\">Contactez-nous en ligne<\/legend>\r\n\r\n<div class=\"frm_chat_form frm_fields_container\">\n<input type=\"hidden\" name=\"frm_action\" value=\"create\" \/>\n<input type=\"hidden\" name=\"form_id\" value=\"31\" \/>\n<input type=\"hidden\" name=\"frm_hide_fields_31\" id=\"frm_hide_fields_31\" value=\"\" \/>\n<input type=\"hidden\" name=\"form_key\" value=\"online-contact-us2\" \/>\n<input type=\"hidden\" name=\"item_meta[0]\" value=\"\" \/>\n<input type=\"hidden\" id=\"frm_submit_entry_31\" name=\"frm_submit_entry_31\" value=\"c73dbac84b\" \/><input type=\"hidden\" name=\"_wp_http_referer\" value=\"\/wordpress\/index.php?rest_route=%2Fwp%2Fv2%2Fpages%2F3609\" \/><div id=\"frm_field_1366_container\" class=\"frm_form_field frm_active_chat_field frm_chat_section frm_section_heading form-field \">\r\n<h3 class=\"frm_pos_top frm_section_spacing\">Faites-nous part de vos coordonn\u00e9es et nous vous aviserons de l&#8217;ouverture des inscriptions pour participer au prochain sondage CUSC-CCREU !<\/h3>\r\n\r\n\r\n<\/div>\n<div id=\"frm_field_1367_container\" class=\"frm_form_field frm_inactive_chat_field form-field  frm_required_field frm_top_container frm12 frm_first\">\r\n    <div id=\"field_nt4dh2_label\" class=\"frm_primary_label\">Nom de famille et pr\u00e9nom\r\n        <span class=\"frm_required\" aria-hidden=\"true\">*<\/span>\r\n    <\/div>\r\n    <fieldset aria-labelledby=\"field_nt4dh2_label\">\n\t<legend class=\"frm_screen_reader frm_hidden\">\n\t\tNom de famille et pr\u00e9nom\t<\/legend>\n\n\t<div  class=\"frm_combo_inputs_container\" id=\"frm_combo_inputs_container_1367\" data-name-layout=\"first_last\">\n\t\t\t\t\t<div\n\t\t\t\tid=\"frm_field_1367-first_container\"\n\t\t\t\tclass=\"frm_form_field form-field frm_form_subfield-first  frm6\"\n\t\t\t\tdata-sub-field-name=\"first\"\n\t\t\t>\n\t\t\t\t<label for=\"field_nt4dh2_first\" class=\"frm_screen_reader frm_hidden\">\n\t\t\t\t\tPr\u00e9nom\t\t\t\t<\/label>\n\n\t\t\t\t<input  type=\"text\" id=\"field_nt4dh2_first\" value=\"\" name=\"item_meta[1367][first]\" autocomplete=\"given-name\" data-sectionid=\"1366\"  data-reqmsg=\"Nom de famille et pr\u00e9nom cannot be blank.\" aria-required=\"true\" data-invmsg=\"Nom de famille et pr\u00e9nom is invalid\" aria-invalid=\"false\"  \/><div class=\"frm_description\" id=\"frm_field_1367_first_desc\">Pr\u00e9nom<\/div>\t\t\t<\/div>\n\t\t\t\t\t\t<div\n\t\t\t\tid=\"frm_field_1367-last_container\"\n\t\t\t\tclass=\"frm_form_field form-field frm_form_subfield-last  frm6\"\n\t\t\t\tdata-sub-field-name=\"last\"\n\t\t\t>\n\t\t\t\t<label for=\"field_nt4dh2_last\" class=\"frm_screen_reader frm_hidden\">\n\t\t\t\t\tNom de famille\t\t\t\t<\/label>\n\n\t\t\t\t<input  type=\"text\" id=\"field_nt4dh2_last\" value=\"\" name=\"item_meta[1367][last]\" autocomplete=\"family-name\" data-sectionid=\"1366\"  data-reqmsg=\"Nom de famille et pr\u00e9nom cannot be blank.\" aria-required=\"true\" data-invmsg=\"Nom de famille et pr\u00e9nom is invalid\" aria-invalid=\"false\"  \/><div class=\"frm_description\" id=\"frm_field_1367_last_desc\">Nom de famille<\/div>\t\t\t<\/div>\n\t\t\t\t<\/div>\n<\/fieldset>\n\r\n    \r\n    \r\n<\/div>\n<div id=\"frm_field_1368_container\" class=\"frm_form_field frm_inactive_chat_field form-field  frm_required_field frm_top_container\">\r\n    <label for=\"field_c8qnr2\" id=\"field_c8qnr2_label\" class=\"frm_primary_label\">Institution\r\n        <span class=\"frm_required\" aria-hidden=\"true\">*<\/span>\r\n    <\/label>\r\n    <input  type=\"text\" id=\"field_c8qnr2\" name=\"item_meta[1368]\" value=\"\"  data-sectionid=\"1366\"  data-reqmsg=\"Institution cannot be blank.\" aria-required=\"true\" data-invmsg=\"Text is invalid\" aria-invalid=\"false\"   \/>\r\n    \r\n    \r\n<\/div>\n<div id=\"frm_field_1369_container\" class=\"frm_form_field frm_inactive_chat_field form-field  frm_required_field frm_top_container frm12 frm_first\">\r\n    <label for=\"field_7n7q52\" id=\"field_7n7q52_label\" class=\"frm_primary_label\">Courriel\r\n        <span class=\"frm_required\" aria-hidden=\"true\">*<\/span>\r\n    <\/label>\r\n    <input type=\"email\" id=\"field_7n7q52\" name=\"item_meta[1369]\" value=\"\"  data-sectionid=\"1366\"  data-reqmsg=\"Courriel cannot be blank.\" aria-required=\"true\" data-invmsg=\"Email is invalid\" aria-invalid=\"false\"  \/>\r\n    \r\n    \r\n<\/div>\n<div id=\"frm_field_1371_container\" class=\"frm_form_field frm_inactive_chat_field form-field \">\r\n\t<div class=\"frm_submit\">\r\n\r\n<button class=\"frm_button_submit frm_final_submit\" type=\"submit\"  formnovalidate=\"formnovalidate\">Soumettre<\/button>\r\n\r\n<\/div>\r\n<\/div>\n\t<input type=\"hidden\" name=\"item_key\" value=\"\" \/>\n\t\t\t<div id=\"frm_field_1938_container\">\n\t\t\t<label for=\"field_14xjj\" >\n\t\t\t\tIf you are human, leave this field blank.\t\t\t<\/label>\n\t\t\t<input  id=\"field_14xjj\" type=\"text\" class=\"frm_form_field form-field frm_verify\" name=\"item_meta[1938]\" value=\"\"  \/>\n\t\t<\/div>\n\t\t<input name=\"frm_state\" type=\"hidden\" value=\"Rzm3X16hobZ+dq52MY+8eltBR6YQNZLbkKTvV+\/SBvoSE6HdJKH88b+Q35tlJjvY\" \/>\t\t<svg aria-hidden=\"true\" style=\"position: absolute; width: 0; height: 0; overflow: hidden;\" version=\"1.1\" xmlns=\"http:\/\/www.w3.org\/2000\/svg\" xmlns:xlink=\"http:\/\/www.w3.org\/1999\/xlink\">\n\t\t\t<defs>\n\t\t\t\t<symbol id=\"frm_trash_icon\" viewBox=\"0 0 20 20\" fill=\"none\"><path d=\"M2.5 5h15M6.667 5V3.334a1.667 1.667 0 011.667-1.667h3.333a1.667 1.667 0 011.667 1.667V5m2.5 0v11.667a1.667 1.667 0 01-1.667 1.667H5.834a1.667 1.667 0 01-1.667-1.667V5h11.667z\" stroke=\"#484E54\" stroke-linecap=\"round\" stroke-linejoin=\"round\"\/><\/symbol>\n\t\t\t<\/defs>\n\t\t<\/svg>\n\t\t<\/div>\n<\/fieldset>\n<\/div>\n\n<\/form><div class=\"frm-chat-wrapper\"><div class=\"frm_continue_chat_wrapper frm_submit\"><button class=\"button button-primary frm-button-primary frm_continue_chat frm_button_submit frm_hidden\"><span class=\"frm_continue_text\">Continue<\/span><span class=\"frm_continue_final_text\">Soumettre<\/span> <svg width=\"16\" height=\"11\" fill=\"none\" xmlns=\"http:\/\/www.w3.org\/2000\/svg\" viewBox=\"0 0 16 11\"><path fill=\"currentColor\" d=\"M15.3 6c0 .7-.3 1.2-.7 1.7a2.2 2.2 0 0 1-1.7.7H7.4v2.3L.6 7.5l6.8-3.2v2.3H12c.3 0 .6-.1.8-.3.3-.2.4-.5.4-.8V.7h2V6Z\"\/><\/svg><\/button><\/div><div class=\"frm-key-instructions\">Use <span class=\"frm-instruction-key\">Shift+Tab<\/span> to go back<\/div><\/div>\n<\/div>\n<\/div>\n\n\n\n<div class=\"wp-block-column is-layout-flow wp-block-column-is-layout-flow\">\n<a  data-e-Disable-Page-Transition=\"true\" class=\"download-link download-button aligncenter\" title=\"\" href=\"https:\/\/cusc-ccreu.ca\/wordpress?download=4201&amp;tmstv=1776300658\" rel=\"nofollow\" id=\"download-link-4201\" data-redirect=\"false\" >\n\tDownload &ldquo;CCREU 2024 Enqu\u00eate aupr\u00e8s des \u00e9tudiants de derni\u00e8re ann\u00e9e&rdquo;\t<small>CCREU-2024-derniere-annee-rapport-general-2.pdf\t\t&ndash; Downloaded 2238 times\t\t&ndash; 2.36 MB<\/small>\n<\/a>\n<\/div>\n<\/div>\n<\/div>\n<\/div>\n<\/div>\n","protected":false},"excerpt":{"rendered":"<p>Prochaine inscription L&#8217;enqu\u00eate aupr\u00e8s des \u00e9tudiants de derni\u00e8re ann\u00e9e est r\u00e9alis\u00e9e tous les trois ans. Les inscriptions ouvrent \u00e0 l&#8217;automne pr\u00e9c\u00e9dant l&#8217;administration de l&#8217;enqu\u00eate. La prochaine administration est en 2027. Les inscriptions ouvriront \u00e0 l&#8217;automne 2026.<\/p>\n","protected":false},"author":2,"featured_media":0,"parent":3602,"menu_order":3,"comment_status":"closed","ping_status":"closed","template":"","meta":{"_uag_custom_page_level_css":"","site-sidebar-layout":"default","site-content-layout":"","ast-site-content-layout":"default","site-content-style":"default","site-sidebar-style":"default","ast-global-header-display":"","ast-banner-title-visibility":"","ast-main-header-display":"","ast-hfb-above-header-display":"","ast-hfb-below-header-display":"","ast-hfb-mobile-header-display":"","site-post-title":"","ast-breadcrumbs-content":"","ast-featured-img":"","footer-sml-layout":"","ast-disable-related-posts":"","theme-transparent-header-meta":"","adv-header-id-meta":"","stick-header-meta":"","header-above-stick-meta":"","header-main-stick-meta":"","header-below-stick-meta":"","astra-migrate-meta-layouts":"default","ast-page-background-enabled":"default","ast-page-background-meta":{"desktop":{"background-color":"var(--ast-global-color-4)","background-image":"","background-repeat":"repeat","background-position":"center center","background-size":"auto","background-attachment":"scroll","background-type":"","background-media":"","overlay-type":"","overlay-color":"","overlay-opacity":"","overlay-gradient":""},"tablet":{"background-color":"","background-image":"","background-repeat":"repeat","background-position":"center center","background-size":"auto","background-attachment":"scroll","background-type":"","background-media":"","overlay-type":"","overlay-color":"","overlay-opacity":"","overlay-gradient":""},"mobile":{"background-color":"","background-image":"","background-repeat":"repeat","background-position":"center center","background-size":"auto","background-attachment":"scroll","background-type":"","background-media":"","overlay-type":"","overlay-color":"","overlay-opacity":"","overlay-gradient":""}},"ast-content-background-meta":{"desktop":{"background-color":"var(--ast-global-color-5)","background-image":"","background-repeat":"repeat","background-position":"center center","background-size":"auto","background-attachment":"scroll","background-type":"","background-media":"","overlay-type":"","overlay-color":"","overlay-opacity":"","overlay-gradient":""},"tablet":{"background-color":"var(--ast-global-color-5)","background-image":"","background-repeat":"repeat","background-position":"center center","background-size":"auto","background-attachment":"scroll","background-type":"","background-media":"","overlay-type":"","overlay-color":"","overlay-opacity":"","overlay-gradient":""},"mobile":{"background-color":"var(--ast-global-color-5)","background-image":"","background-repeat":"repeat","background-position":"center center","background-size":"auto","background-attachment":"scroll","background-type":"","background-media":"","overlay-type":"","overlay-color":"","overlay-opacity":"","overlay-gradient":""}},"footnotes":""},"class_list":["post-3609","page","type-page","status-publish","hentry"],"uagb_featured_image_src":{"full":false,"thumbnail":false,"medium":false,"medium_large":false,"large":false,"1536x1536":false,"2048x2048":false},"uagb_author_info":{"display_name":"Glenn Keeler","author_link":"https:\/\/cusc-ccreu.ca\/wordpress\/?author=2"},"uagb_comment_info":0,"uagb_excerpt":"Prochaine inscription L&#8217;enqu\u00eate aupr\u00e8s des \u00e9tudiants de derni\u00e8re ann\u00e9e est r\u00e9alis\u00e9e tous les trois ans. Les inscriptions ouvrent \u00e0 l&#8217;automne pr\u00e9c\u00e9dant l&#8217;administration de l&#8217;enqu\u00eate. La prochaine administration est en 2027. Les inscriptions ouvriront \u00e0 l&#8217;automne 2026.","_links":{"self":[{"href":"https:\/\/cusc-ccreu.ca\/wordpress\/index.php?rest_route=\/wp\/v2\/pages\/3609","targetHints":{"allow":["GET"]}}],"collection":[{"href":"https:\/\/cusc-ccreu.ca\/wordpress\/index.php?rest_route=\/wp\/v2\/pages"}],"about":[{"href":"https:\/\/cusc-ccreu.ca\/wordpress\/index.php?rest_route=\/wp\/v2\/types\/page"}],"author":[{"embeddable":true,"href":"https:\/\/cusc-ccreu.ca\/wordpress\/index.php?rest_route=\/wp\/v2\/users\/2"}],"replies":[{"embeddable":true,"href":"https:\/\/cusc-ccreu.ca\/wordpress\/index.php?rest_route=%2Fwp%2Fv2%2Fcomments&post=3609"}],"version-history":[{"count":5,"href":"https:\/\/cusc-ccreu.ca\/wordpress\/index.php?rest_route=\/wp\/v2\/pages\/3609\/revisions"}],"predecessor-version":[{"id":4204,"href":"https:\/\/cusc-ccreu.ca\/wordpress\/index.php?rest_route=\/wp\/v2\/pages\/3609\/revisions\/4204"}],"up":[{"embeddable":true,"href":"https:\/\/cusc-ccreu.ca\/wordpress\/index.php?rest_route=\/wp\/v2\/pages\/3602"}],"wp:attachment":[{"href":"https:\/\/cusc-ccreu.ca\/wordpress\/index.php?rest_route=%2Fwp%2Fv2%2Fmedia&parent=3609"}],"curies":[{"name":"wp","href":"https:\/\/api.w.org\/{rel}","templated":true}]}}