{"id":3602,"date":"2024-08-20T11:58:26","date_gmt":"2024-08-20T16:58:26","guid":{"rendered":"https:\/\/cusc-ccreu.ca\/wordpress\/?page_id=3602"},"modified":"2024-11-15T15:45:30","modified_gmt":"2024-11-15T20:45:30","slug":"sondages","status":"publish","type":"page","link":"https:\/\/cusc-ccreu.ca\/wordpress\/?page_id=3602&lang=fr","title":{"rendered":"Enqu\u00eates"},"content":{"rendered":"\n<div class=\"wp-block-uagb-container uagb-block-4920eba4 alignfull uagb-is-root-container\"><div class=\"uagb-container-inner-blocks-wrap\">\n<div class=\"wp-block-uagb-info-box uagb-block-a5da2fb2 uagb-infobox__content-wrap  uagb-infobox-icon-above-title uagb-infobox-image-valign-top\"><div class=\"uagb-ifb-content\"><div class=\"uagb-ifb-icon-wrap\"><svg xmlns=\"https:\/\/www.w3.org\/2000\/svg\" viewBox=\"0 0 512 512\"><path d=\"M0 256C0 114.6 114.6 0 256 0C397.4 0 512 114.6 512 256C512 397.4 397.4 512 256 512C114.6 512 0 397.4 0 256zM371.8 211.8C382.7 200.9 382.7 183.1 371.8 172.2C360.9 161.3 343.1 161.3 332.2 172.2L224 280.4L179.8 236.2C168.9 225.3 151.1 225.3 140.2 236.2C129.3 247.1 129.3 264.9 140.2 275.8L204.2 339.8C215.1 350.7 232.9 350.7 243.8 339.8L371.8 211.8z\"><\/path><\/svg><\/div><div class=\"uagb-ifb-title-wrap\"><h3 class=\"uagb-ifb-title\">Utiliser l&#8217;opinion des \u00e9tudiants pour am\u00e9liorer vos programmes et vos services<\/h3><\/div><p class=\"uagb-ifb-desc\">Depuis plus de trente ans, les enqu\u00eates du CCREU contribuent \u00e0 l&#8217;am\u00e9lioration de la qualit\u00e9 dans les \u00e9tablissements d&#8217;enseignement postsecondaire canadiens. Les enqu\u00eates op\u00e8rent sur un cycle de trois ans, ce qui vous permet de receuillir l&#8217;opinion de vos \u00e9tudiants de premier cycle au fur et \u00e0 mesure qu&#8217;ils progressent dans leur \u00e9ducation, de la premi\u00e8re \u00e0 la derni\u00e8re ann\u00e9e.<\/p><\/div><\/div>\n\n\n\n<div class=\"wp-block-uagb-container uagb-block-1e7dd6f2 alignfull uagb-is-root-container\"><div class=\"uagb-container-inner-blocks-wrap\">\n<div data-aos= \"zoom-out-right\" data-aos-duration=\"400\" data-aos-delay=\"0\" data-aos-easing=\"ease\" data-aos-once=\"true\" class=\"wp-block-uagb-container uagb-block-ba463cdc\">\n<p class=\"has-luminous-vivid-amber-background-color has-background\" style=\"font-size:27px\">70 \u00e9tablissements particpants en 30 ans<\/p>\n<\/div>\n\n\n\n<div data-aos= \"zoom-in-down\" data-aos-duration=\"400\" data-aos-delay=\"0\" data-aos-easing=\"ease\" data-aos-once=\"true\" class=\"wp-block-uagb-container uagb-block-9fcc9c71\">\n<p class=\"has-luminous-vivid-amber-background-color has-background\" style=\"font-size:27px\">environ 400 000 r\u00e9pondants en 30 ans<\/p>\n<\/div>\n\n\n\n<div data-aos= \"zoom-in-left\" data-aos-duration=\"400\" data-aos-delay=\"0\" data-aos-easing=\"ease\" data-aos-once=\"true\" class=\"wp-block-uagb-container uagb-block-b2fa1637\">\n<p class=\"has-luminous-vivid-amber-background-color has-background\" style=\"margin-top:0;margin-right:0;margin-bottom:0;margin-left:0;padding-top:0;padding-bottom:0;font-size:27px\">Plus de 12 000 r\u00e9pondants en 2024<\/p>\n<\/div>\n<\/div><\/div>\n\n\n\n<div class=\"wp-block-uagb-container uagb-block-63c1796c alignfull uagb-is-root-container\"><div class=\"uagb-container-inner-blocks-wrap\">\n<div class=\"wp-block-uagb-container uagb-block-db72b88e\">\n<div class=\"wp-block-uagb-advanced-heading uagb-block-380a8160\"><h2 class=\"uagb-heading-text\">Questions communes \u00e0 toutes les enqu\u00eates<\/h2><\/div>\n\n\n\n<div class=\"wp-block-uagb-icon-list uagb-block-d4adc3ae\"><div class=\"uagb-icon-list__wrap\">\n<div class=\"wp-block-uagb-icon-list-child uagb-block-4e17598d\"><span class=\"uagb-icon-list__source-wrap\"><svg xmlns=\"https:\/\/www.w3.org\/2000\/svg\" viewBox=\"0 0 448 512\"><path d=\"M438.6 105.4C451.1 117.9 451.1 138.1 438.6 150.6L182.6 406.6C170.1 419.1 149.9 419.1 137.4 406.6L9.372 278.6C-3.124 266.1-3.124 245.9 9.372 233.4C21.87 220.9 42.13 220.9 54.63 233.4L159.1 338.7L393.4 105.4C405.9 92.88 426.1 92.88 438.6 105.4H438.6z\"><\/path><\/svg><\/span><span class=\"uagb-icon-list__label\">Exp\u00e9rience des \u00e9tudiants par caract\u00e9ristiques d\u00e9mographiques et acad\u00e9miques\u200b<\/span><\/div>\n\n\n\n<div class=\"wp-block-uagb-icon-list-child uagb-block-0802c511\"><span class=\"uagb-icon-list__source-wrap\"><svg xmlns=\"https:\/\/www.w3.org\/2000\/svg\" viewBox=\"0 0 448 512\"><path d=\"M438.6 105.4C451.1 117.9 451.1 138.1 438.6 150.6L182.6 406.6C170.1 419.1 149.9 419.1 137.4 406.6L9.372 278.6C-3.124 266.1-3.124 245.9 9.372 233.4C21.87 220.9 42.13 220.9 54.63 233.4L159.1 338.7L393.4 105.4C405.9 92.88 426.1 92.88 438.6 105.4H438.6z\"><\/path><\/svg><\/span><span class=\"uagb-icon-list__label\">Projets des \u00e9tudiants apr\u00e8s avoir termin\u00e9 leurs \u00e9tudes de premier cycle<\/span><\/div>\n\n\n\n<div class=\"wp-block-uagb-icon-list-child uagb-block-dc5720fe\"><span class=\"uagb-icon-list__source-wrap\"><svg xmlns=\"https:\/\/www.w3.org\/2000\/svg\" viewBox=\"0 0 448 512\"><path d=\"M438.6 105.4C451.1 117.9 451.1 138.1 438.6 150.6L182.6 406.6C170.1 419.1 149.9 419.1 137.4 406.6L9.372 278.6C-3.124 266.1-3.124 245.9 9.372 233.4C21.87 220.9 42.13 220.9 54.63 233.4L159.1 338.7L393.4 105.4C405.9 92.88 426.1 92.88 438.6 105.4H438.6z\"><\/path><\/svg><\/span><span class=\"uagb-icon-list__label\">Opinion des \u00e9tudiants sur l&#8217;enseignement et \u00e9valuation globale de la qualit\u00e9 de l&#8217;enseignement\u200b<\/span><\/div>\n\n\n\n<div class=\"wp-block-uagb-icon-list-child uagb-block-6737524b\"><span class=\"uagb-icon-list__source-wrap\"><svg xmlns=\"https:\/\/www.w3.org\/2000\/svg\" viewBox=\"0 0 448 512\"><path d=\"M438.6 105.4C451.1 117.9 451.1 138.1 438.6 150.6L182.6 406.6C170.1 419.1 149.9 419.1 137.4 406.6L9.372 278.6C-3.124 266.1-3.124 245.9 9.372 233.4C21.87 220.9 42.13 220.9 54.63 233.4L159.1 338.7L393.4 105.4C405.9 92.88 426.1 92.88 438.6 105.4H438.6z\"><\/path><\/svg><\/span><span class=\"uagb-icon-list__label\">\u00c9valuation par les \u00e9tudiants de leur exp\u00e9rience universitaire g\u00e9n\u00e9rale<\/span><\/div>\n\n\n\n<div class=\"wp-block-uagb-icon-list-child uagb-block-30c9f5fe\"><span class=\"uagb-icon-list__source-wrap\"><svg xmlns=\"https:\/\/www.w3.org\/2000\/svg\" viewBox=\"0 0 448 512\"><path d=\"M438.6 105.4C451.1 117.9 451.1 138.1 438.6 150.6L182.6 406.6C170.1 419.1 149.9 419.1 137.4 406.6L9.372 278.6C-3.124 266.1-3.124 245.9 9.372 233.4C21.87 220.9 42.13 220.9 54.63 233.4L159.1 338.7L393.4 105.4C405.9 92.88 426.1 92.88 438.6 105.4H438.6z\"><\/path><\/svg><\/span><span class=\"uagb-icon-list__label\">Utilisation et satisfaction des services et installations\u200b<\/span><\/div>\n\n\n\n<div class=\"wp-block-uagb-icon-list-child uagb-block-b67d5d34\"><span class=\"uagb-icon-list__source-wrap\"><svg xmlns=\"https:\/\/www.w3.org\/2000\/svg\" viewBox=\"0 0 448 512\"><path d=\"M438.6 105.4C451.1 117.9 451.1 138.1 438.6 150.6L182.6 406.6C170.1 419.1 149.9 419.1 137.4 406.6L9.372 278.6C-3.124 266.1-3.124 245.9 9.372 233.4C21.87 220.9 42.13 220.9 54.63 233.4L159.1 338.7L393.4 105.4C405.9 92.88 426.1 92.88 438.6 105.4H438.6z\"><\/path><\/svg><\/span><span class=\"uagb-icon-list__label\">Les attentes des \u00e9tudiants par rapport \u00e0 leur exp\u00e9rience\u200b<\/span><\/div>\n\n\n\n<div class=\"wp-block-uagb-icon-list-child uagb-block-66431341\"><span class=\"uagb-icon-list__source-wrap\"><svg xmlns=\"https:\/\/www.w3.org\/2000\/svg\" viewBox=\"0 0 448 512\"><path d=\"M438.6 105.4C451.1 117.9 451.1 138.1 438.6 150.6L182.6 406.6C170.1 419.1 149.9 419.1 137.4 406.6L9.372 278.6C-3.124 266.1-3.124 245.9 9.372 233.4C21.87 220.9 42.13 220.9 54.63 233.4L159.1 338.7L393.4 105.4C405.9 92.88 426.1 92.88 438.6 105.4H438.6z\"><\/path><\/svg><\/span><span class=\"uagb-icon-list__label\">Emploi actuel de l&#8217;\u00e9tudiant\u200b<\/span><\/div>\n\n\n\n<div class=\"wp-block-uagb-icon-list-child uagb-block-c4d07ad8\"><span class=\"uagb-icon-list__source-wrap\"><svg xmlns=\"https:\/\/www.w3.org\/2000\/svg\" viewBox=\"0 0 448 512\"><path d=\"M438.6 105.4C451.1 117.9 451.1 138.1 438.6 150.6L182.6 406.6C170.1 419.1 149.9 419.1 137.4 406.6L9.372 278.6C-3.124 266.1-3.124 245.9 9.372 233.4C21.87 220.9 42.13 220.9 54.63 233.4L159.1 338.7L393.4 105.4C405.9 92.88 426.1 92.88 438.6 105.4H438.6z\"><\/path><\/svg><\/span><span class=\"uagb-icon-list__label\">Commentaires des \u00e9tudiants sur les aspects les plus positifs et les plus n\u00e9gatifs de leur exp\u00e9rience\u200b<\/span><\/div>\n<\/div><\/div>\n\n\n\n<div class=\"wp-block-buttons is-layout-flex wp-block-buttons-is-layout-flex\">\n<div class=\"wp-block-button has-custom-width wp-block-button__width-100\"><a class=\"wp-block-button__link wp-element-button\" href=\"https:\/\/cusc-ccreu.ca\/wordpress\/?docs=ccreu-manuel-des-procedures\/a-propos-cusc-ccreu\/serie-de-sondages\">Manuel des proc\u00e9dures: R\u00e9sum\u00e9 des enqu\u00eates avec questions<\/a><\/div>\n<\/div>\n\n\n\n<div class=\"wp-block-uagb-info-box uagb-block-07b3bf56 uagb-infobox__content-wrap  uagb-infobox-icon-left-title uagb-infobox-left uagb-infobox-image-valign-top\"><div class=\"uagb-ifb-content\"><div class=\"uagb-ifb-left-title-image\"><div class=\"uagb-ifb-icon-wrap\"><svg xmlns=\"https:\/\/www.w3.org\/2000\/svg\" viewBox=\"0 0 384 512\"><path d=\"M352 448H32c-17.69 0-32 14.31-32 32s14.31 31.1 32 31.1h320c17.69 0 32-14.31 32-31.1S369.7 448 352 448zM48 208H160v111.1c0 17.69 14.31 31.1 32 31.1s32-14.31 32-31.1V208h112c17.69 0 32-14.32 32-32.01s-14.31-31.99-32-31.99H224v-112c0-17.69-14.31-32.01-32-32.01S160 14.33 160 32.01v112H48c-17.69 0-32 14.31-32 31.99S30.31 208 48 208z\"><\/path><\/svg><\/div><div class=\"uagb-ifb-title-wrap\"><h3 class=\"uagb-ifb-title\">Modules optionels<\/h3><\/div><\/div><p class=\"uagb-ifb-desc\">Chaque ann\u00e9e, un module d&#8217;enqu\u00eate optionnel comprenant des questions suppl\u00e9mentaires sur un sujet sp\u00e9cifique est offert. Pour les enqu\u00eates pr\u00e9c\u00e9dentes, il s&#8217;agissait des modules suivants: intelligence artificielle g\u00e9n\u00e9rative; l&#8217;impact du COVID-19; m\u00e9thodes d&#8217;enseignement et d&#8217;\u00e9valuation; \u200b\u00c9quit\u00e9, diversit\u00e9, inclusion et accessibilit\u00e9 (\u00c9DIA).&nbsp;<\/p><\/div><\/div>\n\n\n\n<div class=\"wp-block-buttons is-layout-flex wp-block-buttons-is-layout-flex\">\n<div class=\"wp-block-button has-custom-width wp-block-button__width-100\"><a class=\"wp-block-button__link wp-element-button\" href=\"https:\/\/cusc-ccreu.ca\/wordpress\/?docs=ccreu-manuel-des-procedures\/module-sondage\">Manuel des proc\u00e9dures: Module d&#8217;enqu\u00eate<\/a><\/div>\n<\/div>\n\n\n\n<div class=\"wp-block-uagb-info-box uagb-block-6ae8bc38 uagb-infobox__content-wrap  uagb-infobox-icon-left-title uagb-infobox-left uagb-infobox-image-valign-top\"><div class=\"uagb-ifb-content\"><div class=\"uagb-ifb-left-title-image\"><div class=\"uagb-ifb-icon-wrap\"><svg xmlns=\"https:\/\/www.w3.org\/2000\/svg\" viewBox=\"0 0 576 512\"><path d=\"M384 160C366.3 160 352 145.7 352 128C352 110.3 366.3 96 384 96H544C561.7 96 576 110.3 576 128V288C576 305.7 561.7 320 544 320C526.3 320 512 305.7 512 288V205.3L342.6 374.6C330.1 387.1 309.9 387.1 297.4 374.6L191.1 269.3L54.63 406.6C42.13 419.1 21.87 419.1 9.372 406.6C-3.124 394.1-3.124 373.9 9.372 361.4L169.4 201.4C181.9 188.9 202.1 188.9 214.6 201.4L320 306.7L466.7 159.1L384 160z\"><\/path><\/svg><\/div><div class=\"uagb-ifb-title-wrap\"><h3 class=\"uagb-ifb-title\">Exp\u00e9riences<\/h3><\/div><\/div><p class=\"uagb-ifb-desc\">La plupart des ann\u00e9es, une exp\u00e9rience optionnelle est men\u00e9e afin de trouver des moyens d&#8217;am\u00e9liorer les taux de r\u00e9ponse. Les exp\u00e9riences pr\u00e9c\u00e9dentes ont test\u00e9 la longueur de l&#8217;enqu\u00eate, les options de r\u00e9ponse \u00ab Je pr\u00e9f\u00e8re ne pas r\u00e9pondre \u00bb, diff\u00e9rentes incitations\/prix, y compris des messages encourageant \u00e0 r\u00e9pondre \u00e0 l&#8217;enqu\u00eate, et la randomisation de l&#8217;ordre des \u00e9l\u00e9ments dans les questions longues.<\/p><\/div><\/div>\n\n\n\n<div class=\"wp-block-buttons is-layout-flex wp-block-buttons-is-layout-flex\">\n<div class=\"wp-block-button has-custom-width wp-block-button__width-100\"><a class=\"wp-block-button__link wp-element-button\" href=\"https:\/\/cusc-ccreu.ca\/wordpress\/?docs=ccreu-manuel-des-procedures\/ccreu-2025-experience\">Manuel des proc\u00e9dures: Exp\u00e9rience<\/a><\/div>\n<\/div>\n<\/div>\n\n\n\n<div class=\"wp-block-uagb-container uagb-block-56ea54b8\">\n<div class=\"wp-block-uagb-info-box uagb-block-5576dadc uagb-infobox__content-wrap  uagb-infobox-icon-left-title uagb-infobox-left uagb-infobox-image-valign-top\"><div class=\"uagb-ifb-content\"><div class=\"uagb-ifb-left-title-image\"><div class=\"uagb-ifb-icon-wrap\"><svg xmlns=\"https:\/\/www.w3.org\/2000\/svg\" viewBox=\"0 0 512 512\"><path d=\"M256 0C114.6 0 0 114.6 0 256c0 141.4 114.6 256 256 256s256-114.6 256-256C512 114.6 397.4 0 256 0zM358.6 278.6l-112 112c-12.5 12.5-32.75 12.5-45.25 0s-12.5-32.75 0-45.25L290.8 256L201.4 166.6c-12.5-12.5-12.5-32.75 0-45.25s32.75-12.5 45.25 0l112 112C364.9 239.6 368 247.8 368 256S364.9 272.4 358.6 278.6z\"><\/path><\/svg><\/div><div class=\"uagb-ifb-title-wrap\"><h3 class=\"uagb-ifb-title\">\u00c9tudiants de premi\u00e8re ann\u00e9e<\/h3><\/div><\/div><p class=\"uagb-ifb-desc\">D\u00e9couvrez ce qui a motiv\u00e9 vos \u00e9tudiants de premi\u00e8re ann\u00e9e \u00e0 poursuivre des \u00e9tudes postsecondaires et pourquoi et comment ils ont choisi votre \u00e9tablissement. Renseignez-vous sur leurs r\u00e9ussites et leurs difficult\u00e9s \u00e0 faire la transition vers l&#8217;enseignement postsecondaire, sur leurs exp\u00e9riences en mati\u00e8re d&#8217;orientation et d&#8217;inscription, et sur leur engagement \u00e0 terminer leur programme dans votre \u00e9tablissement.<\/p><div class=\"uagb-ifb-button-wrapper wp-block-button\"><a href=\"https:\/\/cusc-ccreu.ca\/wordpress\/?page_id=3605&amp;lang=fr\" class=\"uagb-infobox-cta-link wp-block-button__link\" target=\"_self\" rel=\"noopener noreferrer\" onclick=\"return true;\"><span class=\"uagb-inline-editing\">En savoir plus<\/span><svg xmlns=\"https:\/\/www.w3.org\/2000\/svg\" viewBox=\"0 0 512 512\"><path d=\"M504.3 273.6l-112.1 104c-6.992 6.484-17.18 8.218-25.94 4.406c-8.758-3.812-14.42-12.45-14.42-21.1L351.9 288H32C14.33 288 .0002 273.7 .0002 255.1S14.33 224 32 224h319.9l0-72c0-9.547 5.66-18.19 14.42-22c8.754-3.809 18.95-2.075 25.94 4.41l112.1 104C514.6 247.9 514.6 264.1 504.3 273.6z\"><\/path><\/svg><\/a><\/div><\/div><\/div>\n\n\n\n<div class=\"wp-block-uagb-info-box uagb-block-f7f208bd uagb-infobox__content-wrap  uagb-infobox-icon-left-title uagb-infobox-left uagb-infobox-image-valign-top\"><div class=\"uagb-ifb-content\"><div class=\"uagb-ifb-left-title-image\"><div class=\"uagb-ifb-icon-wrap\"><svg xmlns=\"https:\/\/www.w3.org\/2000\/svg\" viewBox=\"0 0 512 512\"><path d=\"M256 0C114.6 0 0 114.6 0 256c0 141.4 114.6 256 256 256s256-114.6 256-256C512 114.6 397.4 0 256 0zM358.6 278.6l-112 112c-12.5 12.5-32.75 12.5-45.25 0s-12.5-32.75 0-45.25L290.8 256L201.4 166.6c-12.5-12.5-12.5-32.75 0-45.25s32.75-12.5 45.25 0l112 112C364.9 239.6 368 247.8 368 256S364.9 272.4 358.6 278.6z\"><\/path><\/svg><\/div><div class=\"uagb-ifb-title-wrap\"><h3 class=\"uagb-ifb-title\">\u00c9tudiants d&#8217;ann\u00e9es interm\u00e9diares<\/h3><\/div><\/div><p class=\"uagb-ifb-desc\">D\u00e9couvrez ce que les \u00e9tudiants qui poursuivent leurs \u00e9tudes pensent de leur exp\u00e9rience universitaire et comment ils \u00e9voluent \u00e0 mesure qu&#8217;ils avancent dans leur programme d&#8217;\u00e9tudes. Renseignez-vous sur leur engagement dans les activit\u00e9s acad\u00e9miques et parascolaires et sur leur volont\u00e9 de terminer leur programme dans votre \u00e9tablissement.\u200b<\/p><div class=\"uagb-ifb-button-wrapper wp-block-button\"><a href=\"https:\/\/cusc-ccreu.ca\/wordpress\/?page_id=3607&amp;lang=fr\" class=\"uagb-infobox-cta-link wp-block-button__link\" target=\"_self\" rel=\"noopener noreferrer\" onclick=\"return true;\"><span class=\"uagb-inline-editing\">En savoir plus<\/span><svg xmlns=\"https:\/\/www.w3.org\/2000\/svg\" viewBox=\"0 0 512 512\"><path d=\"M504.3 273.6l-112.1 104c-6.992 6.484-17.18 8.218-25.94 4.406c-8.758-3.812-14.42-12.45-14.42-21.1L351.9 288H32C14.33 288 .0002 273.7 .0002 255.1S14.33 224 32 224h319.9l0-72c0-9.547 5.66-18.19 14.42-22c8.754-3.809 18.95-2.075 25.94 4.41l112.1 104C514.6 247.9 514.6 264.1 504.3 273.6z\"><\/path><\/svg><\/a><\/div><\/div><\/div>\n\n\n\n<div class=\"wp-block-uagb-info-box uagb-block-53fd1bbb uagb-infobox__content-wrap  uagb-infobox-icon-left-title uagb-infobox-left uagb-infobox-image-valign-top\"><div class=\"uagb-ifb-content\"><div class=\"uagb-ifb-left-title-image\"><div class=\"uagb-ifb-icon-wrap\"><svg xmlns=\"https:\/\/www.w3.org\/2000\/svg\" viewBox=\"0 0 512 512\"><path d=\"M256 0C114.6 0 0 114.6 0 256c0 141.4 114.6 256 256 256s256-114.6 256-256C512 114.6 397.4 0 256 0zM358.6 278.6l-112 112c-12.5 12.5-32.75 12.5-45.25 0s-12.5-32.75 0-45.25L290.8 256L201.4 166.6c-12.5-12.5-12.5-32.75 0-45.25s32.75-12.5 45.25 0l112 112C364.9 239.6 368 247.8 368 256S364.9 272.4 358.6 278.6z\"><\/path><\/svg><\/div><div class=\"uagb-ifb-title-wrap\"><h3 class=\"uagb-ifb-title\">\u00c9tudiants de derni\u00e8re ann\u00e9e<\/h3><\/div><\/div><p class=\"uagb-ifb-desc\">D\u00e9couvrez comment votre \u00e9tablissement a contribu\u00e9 au d\u00e9veloppement des comp\u00e9tences et des connaissances de vos \u00e9tudiants de premier cycle au cours de leur derni\u00e8re ann\u00e9e d&#8217;\u00e9tudes et quels sont leurs projets apr\u00e8s l&#8217;obtention de leur dipl\u00f4me. D\u00e9couvrez si vos \u00e9tudiants de derni\u00e8re ann\u00e9e pensent que le co\u00fbt de leurs \u00e9tudes en valait la peine, comment ils ont financ\u00e9 leurs \u00e9tudes et quel est leur niveau d&#8217;endettement.<\/p><div class=\"uagb-ifb-button-wrapper wp-block-button\"><a href=\"https:\/\/cusc-ccreu.ca\/wordpress\/?page_id=3609&amp;lang=fr\" class=\"uagb-infobox-cta-link wp-block-button__link\" target=\"_self\" rel=\"noopener noreferrer\" onclick=\"return true;\"><span class=\"uagb-inline-editing\">En savoir plus<\/span><svg xmlns=\"https:\/\/www.w3.org\/2000\/svg\" viewBox=\"0 0 512 512\"><path d=\"M504.3 273.6l-112.1 104c-6.992 6.484-17.18 8.218-25.94 4.406c-8.758-3.812-14.42-12.45-14.42-21.1L351.9 288H32C14.33 288 .0002 273.7 .0002 255.1S14.33 224 32 224h319.9l0-72c0-9.547 5.66-18.19 14.42-22c8.754-3.809 18.95-2.075 25.94 4.41l112.1 104C514.6 247.9 514.6 264.1 504.3 273.6z\"><\/path><\/svg><\/a><\/div><\/div><\/div>\n<\/div>\n<\/div><\/div>\n<\/div><\/div>\n","protected":false},"excerpt":{"rendered":"<p>70 \u00e9tablissements particpants en 30 ans environ 400 000 r\u00e9pondants en 30 ans Plus de 12 000 r\u00e9pondants en 2024 Questions communes \u00e0 toutes les enqu\u00eates<\/p>\n","protected":false},"author":2,"featured_media":0,"parent":3467,"menu_order":0,"comment_status":"closed","ping_status":"closed","template":"","meta":{"_uag_custom_page_level_css":"","site-sidebar-layout":"default","site-content-layout":"","ast-site-content-layout":"default","site-content-style":"default","site-sidebar-style":"default","ast-global-header-display":"","ast-banner-title-visibility":"","ast-main-header-display":"","ast-hfb-above-header-display":"","ast-hfb-below-header-display":"","ast-hfb-mobile-header-display":"","site-post-title":"disabled","ast-breadcrumbs-content":"","ast-featured-img":"","footer-sml-layout":"","ast-disable-related-posts":"","theme-transparent-header-meta":"","adv-header-id-meta":"","stick-header-meta":"","header-above-stick-meta":"","header-main-stick-meta":"","header-below-stick-meta":"","astra-migrate-meta-layouts":"","ast-page-background-enabled":"default","ast-page-background-meta":{"desktop":{"background-color":"var(--ast-global-color-4)","background-image":"","background-repeat":"repeat","background-position":"center center","background-size":"auto","background-attachment":"scroll","background-type":"","background-media":"","overlay-type":"","overlay-color":"","overlay-opacity":"","overlay-gradient":""},"tablet":{"background-color":"","background-image":"","background-repeat":"repeat","background-position":"center center","background-size":"auto","background-attachment":"scroll","background-type":"","background-media":"","overlay-type":"","overlay-color":"","overlay-opacity":"","overlay-gradient":""},"mobile":{"background-color":"","background-image":"","background-repeat":"repeat","background-position":"center center","background-size":"auto","background-attachment":"scroll","background-type":"","background-media":"","overlay-type":"","overlay-color":"","overlay-opacity":"","overlay-gradient":""}},"ast-content-background-meta":{"desktop":{"background-color":"var(--ast-global-color-5)","background-image":"","background-repeat":"repeat","background-position":"center center","background-size":"auto","background-attachment":"scroll","background-type":"","background-media":"","overlay-type":"","overlay-color":"","overlay-opacity":"","overlay-gradient":""},"tablet":{"background-color":"var(--ast-global-color-5)","background-image":"","background-repeat":"repeat","background-position":"center center","background-size":"auto","background-attachment":"scroll","background-type":"","background-media":"","overlay-type":"","overlay-color":"","overlay-opacity":"","overlay-gradient":""},"mobile":{"background-color":"var(--ast-global-color-5)","background-image":"","background-repeat":"repeat","background-position":"center center","background-size":"auto","background-attachment":"scroll","background-type":"","background-media":"","overlay-type":"","overlay-color":"","overlay-opacity":"","overlay-gradient":""}},"footnotes":""},"class_list":["post-3602","page","type-page","status-publish","hentry"],"uagb_featured_image_src":{"full":false,"thumbnail":false,"medium":false,"medium_large":false,"large":false,"1536x1536":false,"2048x2048":false},"uagb_author_info":{"display_name":"Glenn Keeler","author_link":"https:\/\/cusc-ccreu.ca\/wordpress\/?author=2"},"uagb_comment_info":0,"uagb_excerpt":"70 \u00e9tablissements particpants en 30 ans environ 400 000 r\u00e9pondants en 30 ans Plus de 12 000 r\u00e9pondants en 2024 Questions communes \u00e0 toutes les enqu\u00eates","_links":{"self":[{"href":"https:\/\/cusc-ccreu.ca\/wordpress\/index.php?rest_route=\/wp\/v2\/pages\/3602","targetHints":{"allow":["GET"]}}],"collection":[{"href":"https:\/\/cusc-ccreu.ca\/wordpress\/index.php?rest_route=\/wp\/v2\/pages"}],"about":[{"href":"https:\/\/cusc-ccreu.ca\/wordpress\/index.php?rest_route=\/wp\/v2\/types\/page"}],"author":[{"embeddable":true,"href":"https:\/\/cusc-ccreu.ca\/wordpress\/index.php?rest_route=\/wp\/v2\/users\/2"}],"replies":[{"embeddable":true,"href":"https:\/\/cusc-ccreu.ca\/wordpress\/index.php?rest_route=%2Fwp%2Fv2%2Fcomments&post=3602"}],"version-history":[{"count":8,"href":"https:\/\/cusc-ccreu.ca\/wordpress\/index.php?rest_route=\/wp\/v2\/pages\/3602\/revisions"}],"predecessor-version":[{"id":3997,"href":"https:\/\/cusc-ccreu.ca\/wordpress\/index.php?rest_route=\/wp\/v2\/pages\/3602\/revisions\/3997"}],"up":[{"embeddable":true,"href":"https:\/\/cusc-ccreu.ca\/wordpress\/index.php?rest_route=\/wp\/v2\/pages\/3467"}],"wp:attachment":[{"href":"https:\/\/cusc-ccreu.ca\/wordpress\/index.php?rest_route=%2Fwp%2Fv2%2Fmedia&parent=3602"}],"curies":[{"name":"wp","href":"https:\/\/api.w.org\/{rel}","templated":true}]}}