{"id":3467,"date":"2024-06-14T11:44:43","date_gmt":"2024-06-14T16:44:43","guid":{"rendered":"https:\/\/cusc-ccreu.ca\/wordpress\/?page_id=3467"},"modified":"2025-11-24T16:51:01","modified_gmt":"2025-11-24T21:51:01","slug":"perspectives-etudiantes-avec-un-nouveau-regard","status":"publish","type":"page","link":"https:\/\/cusc-ccreu.ca\/wordpress\/?lang=fr","title":{"rendered":"Perspectives \u00e9tudiantes avec un nouveau regard"},"content":{"rendered":"\n<div class=\"wp-block-uagb-container uagb-block-feb1ec64 alignfull uagb-is-root-container\"><div class=\"uagb-container-inner-blocks-wrap\">\n<div class=\"wp-block-uagb-info-box uagb-block-4e901c31 uagb-infobox__content-wrap  uagb-infobox-icon-above-title uagb-infobox-image-valign-top\"><div class=\"uagb-ifb-content\"><div class=\"uagb-ifb-title-wrap\"><span class=\"uagb-ifb-title-prefix\"><strong><em>Mesures et r\u00e9p\u00e8res<\/em><\/strong> <em><strong>(benchmarks)<\/strong><\/em><\/span><\/div><p class=\"uagb-ifb-desc\"><strong>Comment se portent vos \u00e9tudiants?<\/strong><br>Comment mesurez-vous l&#8217;engagement et la satisfaction de vos \u00e9tudiants de premier cycle \u00e0 l&#8217;\u00e9gard de votre \u00e9tablissement ? Comment vos \u00e9tudiants se situent-ils par rapport aux \u00e9tudiants d&#8217;autres \u00e9tablissements d&#8217;enseignement sup\u00e9rieur ?<br>Les \u00e9tablissements d&#8217;enseignement postsecondaire se tournent vers les professionnels de la recherche institutionnelle pour obtenir des analyses et des recommandations \u00e9clair\u00e9es. En participant aux enqu\u00eates du CCREU, vous obtenez les donn\u00e9es dont vous avez besoin pour les produire.<br>Depuis 30 ans, les enqu\u00eates du CCREU fournissent une large base de donn\u00e9es comparatives et collectives sur l&#8217;exp\u00e9rience des \u00e9tudiants de premier cycle afin d&#8217;aider les \u00e9tablissements d&#8217;enseignement postsecondaire canadiens \u00e0 s&#8217;am\u00e9liorer.<\/p><\/div><\/div>\n\n\n\n\n\n<div class=\"wp-block-uagb-container uagb-block-f9320fd3 alignfull uagb-is-root-container\"><div class=\"uagb-container-inner-blocks-wrap\">\n<div data-aos= \"slide-up\" data-aos-duration=\"400\" data-aos-delay=\"0\" data-aos-easing=\"ease\" data-aos-once=\"true\" class=\"wp-block-uagb-container uagb-block-501f925b\">\n<div class=\"wp-block-uagb-info-box uagb-block-21a3392f uagb-infobox__content-wrap  uagb-infobox_cta-type-all uagb-infobox-icon-above-title uagb-infobox-image-valign-top\"><a href=\"https:\/\/cusc-ccreu.ca\/wordpress\/?page_id=3602&amp;lang=fr\" class=\"uagb-infobox-link-wrap uagb-infbox__link-to-all\" target=\"_self\" aria-label=\"Infobox Link\" rel=\"noopener noreferrer\" onclick=\"return true;\"><\/a><div class=\"uagb-ifb-content\"><div class=\"uagb-ifb-image-content\"><img decoding=\"async\" src=\"https:\/\/cusc-ccreu.ca\/wordpress\/wp-content\/uploads\/Images\/happy-woman-on-computer-300x200.jpg\" alt=\"\" width=\"\" height=\"0\" loading=\"lazy\"\/><\/div><div class=\"uagb-ifb-title-wrap\"><h3 class=\"uagb-ifb-title\">Enqu\u00eates<\/h3><\/div><p class=\"uagb-ifb-desc\">Les enqu\u00eates du CCREU sont en rotation sur une p\u00e9riode de trois ans, alternant entre les \u00e9tudiants de premi\u00e8re ann\u00e9e, les \u00e9tudiants d&#8217;ann\u00e9es interm\u00e9diaires et les \u00e9tudiants de derni\u00e8re ann\u00e9e.<br><\/p><div class=\"uagb-ifb-button-wrapper wp-block-button\"><\/div><\/div><\/div>\n<\/div>\n\n\n\n<div data-aos= \"slide-up\" data-aos-duration=\"400\" data-aos-delay=\"0\" data-aos-easing=\"ease\" data-aos-once=\"true\" class=\"wp-block-uagb-container uagb-block-ae2beca8\">\n<div class=\"wp-block-uagb-info-box uagb-block-3a53f99e uagb-infobox__content-wrap  uagb-infobox_cta-type-all uagb-infobox-icon-above-title uagb-infobox-image-valign-top\"><a href=\"https:\/\/cusc-ccreu.ca\/wordpress\/?page_id=3611&amp;lang=fr\" class=\"uagb-infobox-link-wrap uagb-infbox__link-to-all\" target=\"_self\" aria-label=\"Infobox Link\" rel=\"noopener noreferrer\" onclick=\"return true;\"><\/a><div class=\"uagb-ifb-content\"><div class=\"uagb-ifb-image-content\"><img decoding=\"async\" src=\"https:\/\/cusc-ccreu.ca\/wordpress\/wp-content\/uploads\/2022\/12\/students-learn-in-sound-booth-300x200.jpg\" alt=\"\" width=\"\" height=\"0\" loading=\"lazy\"\/><\/div><div class=\"uagb-ifb-title-wrap\"><h3 class=\"uagb-ifb-title\">Prendre part<\/h3><\/div><p class=\"uagb-ifb-desc\">Votre \u00e9tablissement peut participer aux enqu\u00eates du CCREU en tant que membre ou non-membre. Une trousse des r\u00e9sultats de l&#8217;enqu\u00eate et une grande vari\u00e9t\u00e9 d&#8217;options additionnelles sont disponibles.<br><\/p><div class=\"uagb-ifb-button-wrapper wp-block-button\"><\/div><\/div><\/div>\n<\/div>\n\n\n\n<div data-aos= \"slide-up\" data-aos-duration=\"400\" data-aos-delay=\"0\" data-aos-easing=\"ease\" data-aos-once=\"true\" class=\"wp-block-uagb-container uagb-block-2b2c8cf9\">\n<div class=\"wp-block-uagb-info-box uagb-block-a24a78be uagb-infobox__content-wrap  uagb-infobox_cta-type-all uagb-infobox-icon-above-title uagb-infobox-image-valign-top\"><a href=\"https:\/\/cusc-ccreu.ca\/wordpress\/?page_id=3613&amp;lang=en\" class=\"uagb-infobox-link-wrap uagb-infbox__link-to-all\" target=\"_self\" aria-label=\"Infobox Link\" rel=\"noopener noreferrer\" onclick=\"return true;\"><\/a><div class=\"uagb-ifb-content\"><div class=\"uagb-ifb-image-content\"><img decoding=\"async\" src=\"https:\/\/cusc-ccreu.ca\/wordpress\/wp-content\/uploads\/2022\/12\/woman-happy-leading-meeting-300x200.jpg\" alt=\"\" width=\"\" height=\"0\" loading=\"lazy\"\/><\/div><div class=\"uagb-ifb-title-wrap\"><h3 class=\"uagb-ifb-title\">R\u00e9sultats<\/h3><\/div><p class=\"uagb-ifb-desc\">Chaque ann\u00e9e, le CCREU produit un rapport g\u00e9n\u00e9ral et organise un webinaire national sur les r\u00e9sultats.<br><br><br><\/p><div class=\"uagb-ifb-button-wrapper wp-block-button\"><\/div><\/div><\/div>\n<\/div>\n<\/div><\/div>\n<\/div><\/div>\n\n\n\n<p><\/p>\n","protected":false},"excerpt":{"rendered":"","protected":false},"author":2,"featured_media":0,"parent":0,"menu_order":0,"comment_status":"closed","ping_status":"closed","template":"","meta":{"_uag_custom_page_level_css":"","site-sidebar-layout":"default","site-content-layout":"","ast-site-content-layout":"default","site-content-style":"default","site-sidebar-style":"default","ast-global-header-display":"","ast-banner-title-visibility":"","ast-main-header-display":"","ast-hfb-above-header-display":"","ast-hfb-below-header-display":"","ast-hfb-mobile-header-display":"","site-post-title":"","ast-breadcrumbs-content":"","ast-featured-img":"","footer-sml-layout":"","ast-disable-related-posts":"","theme-transparent-header-meta":"","adv-header-id-meta":"","stick-header-meta":"","header-above-stick-meta":"","header-main-stick-meta":"","header-below-stick-meta":"","astra-migrate-meta-layouts":"default","ast-page-background-enabled":"default","ast-page-background-meta":{"desktop":{"background-color":"var(--ast-global-color-4)","background-image":"","background-repeat":"repeat","background-position":"center center","background-size":"auto","background-attachment":"scroll","background-type":"","background-media":"","overlay-type":"","overlay-color":"","overlay-opacity":"","overlay-gradient":""},"tablet":{"background-color":"","background-image":"","background-repeat":"repeat","background-position":"center center","background-size":"auto","background-attachment":"scroll","background-type":"","background-media":"","overlay-type":"","overlay-color":"","overlay-opacity":"","overlay-gradient":""},"mobile":{"background-color":"","background-image":"","background-repeat":"repeat","background-position":"center center","background-size":"auto","background-attachment":"scroll","background-type":"","background-media":"","overlay-type":"","overlay-color":"","overlay-opacity":"","overlay-gradient":""}},"ast-content-background-meta":{"desktop":{"background-color":"var(--ast-global-color-5)","background-image":"","background-repeat":"repeat","background-position":"center center","background-size":"auto","background-attachment":"scroll","background-type":"","background-media":"","overlay-type":"","overlay-color":"","overlay-opacity":"","overlay-gradient":""},"tablet":{"background-color":"var(--ast-global-color-5)","background-image":"","background-repeat":"repeat","background-position":"center center","background-size":"auto","background-attachment":"scroll","background-type":"","background-media":"","overlay-type":"","overlay-color":"","overlay-opacity":"","overlay-gradient":""},"mobile":{"background-color":"var(--ast-global-color-5)","background-image":"","background-repeat":"repeat","background-position":"center center","background-size":"auto","background-attachment":"scroll","background-type":"","background-media":"","overlay-type":"","overlay-color":"","overlay-opacity":"","overlay-gradient":""}},"footnotes":""},"class_list":["post-3467","page","type-page","status-publish","hentry"],"uagb_featured_image_src":{"full":false,"thumbnail":false,"medium":false,"medium_large":false,"large":false,"1536x1536":false,"2048x2048":false},"uagb_author_info":{"display_name":"Glenn Keeler","author_link":"https:\/\/cusc-ccreu.ca\/wordpress\/?author=2"},"uagb_comment_info":0,"uagb_excerpt":null,"_links":{"self":[{"href":"https:\/\/cusc-ccreu.ca\/wordpress\/index.php?rest_route=\/wp\/v2\/pages\/3467","targetHints":{"allow":["GET"]}}],"collection":[{"href":"https:\/\/cusc-ccreu.ca\/wordpress\/index.php?rest_route=\/wp\/v2\/pages"}],"about":[{"href":"https:\/\/cusc-ccreu.ca\/wordpress\/index.php?rest_route=\/wp\/v2\/types\/page"}],"author":[{"embeddable":true,"href":"https:\/\/cusc-ccreu.ca\/wordpress\/index.php?rest_route=\/wp\/v2\/users\/2"}],"replies":[{"embeddable":true,"href":"https:\/\/cusc-ccreu.ca\/wordpress\/index.php?rest_route=%2Fwp%2Fv2%2Fcomments&post=3467"}],"version-history":[{"count":10,"href":"https:\/\/cusc-ccreu.ca\/wordpress\/index.php?rest_route=\/wp\/v2\/pages\/3467\/revisions"}],"predecessor-version":[{"id":4600,"href":"https:\/\/cusc-ccreu.ca\/wordpress\/index.php?rest_route=\/wp\/v2\/pages\/3467\/revisions\/4600"}],"wp:attachment":[{"href":"https:\/\/cusc-ccreu.ca\/wordpress\/index.php?rest_route=%2Fwp%2Fv2%2Fmedia&parent=3467"}],"curies":[{"name":"wp","href":"https:\/\/api.w.org\/{rel}","templated":true}]}}