{"id":2877,"date":"2023-11-09T16:11:29","date_gmt":"2023-11-09T21:11:29","guid":{"rendered":"https:\/\/cusc-ccreu.ca\/wordpress\/?page_id=2877"},"modified":"2023-11-09T16:20:11","modified_gmt":"2023-11-09T21:20:11","slug":"inscrivez-vous-au-sondage-aux-etudiants-de-derniere-annee","status":"publish","type":"page","link":"https:\/\/cusc-ccreu.ca\/wordpress\/?page_id=2877&lang=fr","title":{"rendered":"Inscription au Sondage de 2024 aupr\u00e8s des \u00e9tudiants de derni\u00e8re ann\u00e9e"},"content":{"rendered":"\n<p><strong>Afin de sauvegarder les brouillons de votre inscription<\/strong>, vous devez \u00eatre connect\u00e9 \u00e0 notre serveur Web. <a href=\"https:\/\/cusc-ccreu.ca\/wordpress\/?page_id=1176&amp;lang=fr\">Cr\u00e9ez votre compte sur ce lien<\/a> ou <a href=\"https:\/\/cusc-ccreu.ca\/wordpress\/?page_id=1184&amp;lang=fr\">connectez-vous sur ce lien<\/a>. Les brouillons seront enregistr\u00e9s au fur et \u00e0 mesure que vous vous d\u00e9placerez dans le formulaire, et vous pourrez quitter le site et revenir plus tard avec toutes vos entr\u00e9es pr\u00e9c\u00e9dentes enregistr\u00e9es.<\/p>\n\n\n<p>This form is currently closed for submissions.<\/p>","protected":false},"excerpt":{"rendered":"<p>Afin de sauvegarder les brouillons de votre inscription, vous devez \u00eatre connect\u00e9 \u00e0 notre serveur Web. Cr\u00e9ez votre compte sur ce lien ou connectez-vous sur ce lien. Les brouillons seront enregistr\u00e9s au fur et \u00e0 mesure que vous vous d\u00e9placerez dans le formulaire, et vous pourrez quitter le site et revenir plus tard avec toutes [&hellip;]<\/p>\n","protected":false},"author":2,"featured_media":0,"parent":0,"menu_order":0,"comment_status":"closed","ping_status":"closed","template":"","meta":{"_uag_custom_page_level_css":"","site-sidebar-layout":"default","site-content-layout":"","ast-site-content-layout":"default","site-content-style":"default","site-sidebar-style":"default","ast-global-header-display":"","ast-banner-title-visibility":"","ast-main-header-display":"","ast-hfb-above-header-display":"","ast-hfb-below-header-display":"","ast-hfb-mobile-header-display":"","site-post-title":"","ast-breadcrumbs-content":"","ast-featured-img":"","footer-sml-layout":"","ast-disable-related-posts":"","theme-transparent-header-meta":"","adv-header-id-meta":"","stick-header-meta":"","header-above-stick-meta":"","header-main-stick-meta":"","header-below-stick-meta":"","astra-migrate-meta-layouts":"default","ast-page-background-enabled":"default","ast-page-background-meta":{"desktop":{"background-color":"var(--ast-global-color-4)","background-image":"","background-repeat":"repeat","background-position":"center center","background-size":"auto","background-attachment":"scroll","background-type":"","background-media":"","overlay-type":"","overlay-color":"","overlay-opacity":"","overlay-gradient":""},"tablet":{"background-color":"","background-image":"","background-repeat":"repeat","background-position":"center center","background-size":"auto","background-attachment":"scroll","background-type":"","background-media":"","overlay-type":"","overlay-color":"","overlay-opacity":"","overlay-gradient":""},"mobile":{"background-color":"","background-image":"","background-repeat":"repeat","background-position":"center center","background-size":"auto","background-attachment":"scroll","background-type":"","background-media":"","overlay-type":"","overlay-color":"","overlay-opacity":"","overlay-gradient":""}},"ast-content-background-meta":{"desktop":{"background-color":"var(--ast-global-color-5)","background-image":"","background-repeat":"repeat","background-position":"center center","background-size":"auto","background-attachment":"scroll","background-type":"","background-media":"","overlay-type":"","overlay-color":"","overlay-opacity":"","overlay-gradient":""},"tablet":{"background-color":"var(--ast-global-color-5)","background-image":"","background-repeat":"repeat","background-position":"center center","background-size":"auto","background-attachment":"scroll","background-type":"","background-media":"","overlay-type":"","overlay-color":"","overlay-opacity":"","overlay-gradient":""},"mobile":{"background-color":"var(--ast-global-color-5)","background-image":"","background-repeat":"repeat","background-position":"center center","background-size":"auto","background-attachment":"scroll","background-type":"","background-media":"","overlay-type":"","overlay-color":"","overlay-opacity":"","overlay-gradient":""}},"footnotes":""},"class_list":["post-2877","page","type-page","status-publish","hentry"],"uagb_featured_image_src":{"full":false,"thumbnail":false,"medium":false,"medium_large":false,"large":false,"1536x1536":false,"2048x2048":false},"uagb_author_info":{"display_name":"Glenn Keeler","author_link":"https:\/\/cusc-ccreu.ca\/wordpress\/?author=2"},"uagb_comment_info":0,"uagb_excerpt":"Afin de sauvegarder les brouillons de votre inscription, vous devez \u00eatre connect\u00e9 \u00e0 notre serveur Web. Cr\u00e9ez votre compte sur ce lien ou connectez-vous sur ce lien. Les brouillons seront enregistr\u00e9s au fur et \u00e0 mesure que vous vous d\u00e9placerez dans le formulaire, et vous pourrez quitter le site et revenir plus tard avec toutes&hellip;","_links":{"self":[{"href":"https:\/\/cusc-ccreu.ca\/wordpress\/index.php?rest_route=\/wp\/v2\/pages\/2877","targetHints":{"allow":["GET"]}}],"collection":[{"href":"https:\/\/cusc-ccreu.ca\/wordpress\/index.php?rest_route=\/wp\/v2\/pages"}],"about":[{"href":"https:\/\/cusc-ccreu.ca\/wordpress\/index.php?rest_route=\/wp\/v2\/types\/page"}],"author":[{"embeddable":true,"href":"https:\/\/cusc-ccreu.ca\/wordpress\/index.php?rest_route=\/wp\/v2\/users\/2"}],"replies":[{"embeddable":true,"href":"https:\/\/cusc-ccreu.ca\/wordpress\/index.php?rest_route=%2Fwp%2Fv2%2Fcomments&post=2877"}],"version-history":[{"count":2,"href":"https:\/\/cusc-ccreu.ca\/wordpress\/index.php?rest_route=\/wp\/v2\/pages\/2877\/revisions"}],"predecessor-version":[{"id":2880,"href":"https:\/\/cusc-ccreu.ca\/wordpress\/index.php?rest_route=\/wp\/v2\/pages\/2877\/revisions\/2880"}],"wp:attachment":[{"href":"https:\/\/cusc-ccreu.ca\/wordpress\/index.php?rest_route=%2Fwp%2Fv2%2Fmedia&parent=2877"}],"curies":[{"name":"wp","href":"https:\/\/api.w.org\/{rel}","templated":true}]}}