{"id":214,"date":"2017-12-20T23:41:25","date_gmt":"2017-12-20T23:41:25","guid":{"rendered":"https:\/\/cusc-ccreu.ca\/wordpress\/?page_id=214"},"modified":"2023-11-21T11:23:45","modified_gmt":"2023-11-21T16:23:45","slug":"participer","status":"publish","type":"page","link":"https:\/\/cusc-ccreu.ca\/wordpress\/?page_id=214&lang=fr","title":{"rendered":"Participer"},"content":{"rendered":"\n<figure class=\"wp-block-image alignright size-large is-resized\"><img decoding=\"async\" src=\"https:\/\/cusc-ccreu.ca\/wordpress\/wp-content\/uploads\/Images\/hands-typing-laptop-keyboard-scaled.jpg\" alt=\"\" style=\"width:350px\"\/><\/figure>\n\n\n\n<p class=\"has-drop-cap\">Tout \u00e9tablissement canadien d\u2019enseignement post-secondaire autoris\u00e9 \u00e0 d\u00e9cerner des dipl\u00f4mes de baccalaur\u00e9at peut devenir membre du CCREU. Les membres obtiennent un fichier de donn\u00e9es qui contient toutes les r\u00e9ponses aux questions du sondage de tous les \u00e9tablissements participants, un fichier des r\u00e9ponses aux questions ouvertes de leurs \u00e9tudiants, ainsi qu\u2019un rapport institutionnel. Les membres peuvent participer \u00e0 titre de membre votant \u00e0 la r\u00e9union du printemps et \u00e0 l\u2019assembl\u00e9e g\u00e9n\u00e9rale \u00e0 l\u2019automne. Les membres doivent par ailleurs signer un accord sur l\u2019utilisation des donn\u00e9es et sur l\u2019adh\u00e9sion au consortium (\u00ab&nbsp;<a  data-e-Disable-Page-Transition=\"true\" class=\"download-link\" title=\"\" href=\"https:\/\/cusc-ccreu.ca\/wordpress\/?download=111&amp;tmstv=1778687706\" rel=\"nofollow\" id=\"download-link-111\" data-redirect=\"false\" >\n\tData Licensing and Membership Agreement<\/a>\n\u00bb). Le co\u00fbt pour devenir membre du CCREU est de 500 $.<\/p>\n\n\n\n<!--more-->\n\n\n\n<p> Les \u00e9tablissements qui ne souhaitent pas adh\u00e9rer au consortium peuvent tout de m\u00eame participer aux sondages, \u00e0 la discr\u00e9tion du conseil d\u2019administration du CCREU. Les \u00e9tablissements non membres n\u2019ont pas \u00e0 signer l\u2019Accord pour l\u2019utilisation des donn\u00e9es et l\u2019adh\u00e9sion au consortium puisqu\u2019ils ne re\u00e7oivent pas les donn\u00e9es des autres \u00e9tablissements. Les \u00e9tablissements non membres ne re\u00e7oivent que les r\u00e9sultats pour leurs \u00e9tudiants. Ces r\u00e9sultats ne sont pas inclus dans les donn\u00e9es g\u00e9n\u00e9rales, ni dans le rapport g\u00e9n\u00e9ral. Le co\u00fbt de participation sans adh\u00e9sion au CCREU est de 250 $.Le co\u00fbt pour participer au sondage est bas\u00e9 sur le nombre d\u2019\u00e9tudiants invit\u00e9s. Le montant varie entre 2 950 $ pour un maximum de 500 invitations et 5 325 $ pour un maximum de 15 000 invitations. Des rapports additionnels et autres options sont factur\u00e9s \u00e0 la pi\u00e8ce.&nbsp;<\/p>\n\n\n\n\n\n<div class=\"wp-block-button\"><a class=\"wp-block-button__link wp-element-button\" href=\"https:\/\/cusc-ccreu.ca\/wordpress\/?page_id=2877&amp;lang=fr\">Inscrivez-vous! Sondage de 2024 <br>aupr\u00e8s des \u00e9tudiants de derni\u00e8re ann\u00e9e<\/a><\/div>\n\n\n\n<p><a href=\"https:\/\/cusc-ccreu.ca\/wordpress\/?page_id=2948&amp;lang=fr\" target=\"_blank\" rel=\"noreferrer noopener\">CCREU Manuel des proc\u00e9dures<\/a><\/p>\n\n\n<ul class=\"dlm-downloads\"><li><a  data-e-Disable-Page-Transition=\"true\" class=\"download-link\" title=\"\" href=\"https:\/\/cusc-ccreu.ca\/wordpress\/?download=3000&amp;tmstv=1778687706\" rel=\"nofollow\" id=\"download-link-3000\" data-redirect=\"false\" >\n\tCCREU-2024-invitation-rappels-courriels-mod\u00e8les<\/a>\n<\/li><li><a  data-e-Disable-Page-Transition=\"true\" class=\"download-link\" title=\"\" href=\"https:\/\/cusc-ccreu.ca\/wordpress\/?download=3010&amp;tmstv=1778687706\" rel=\"nofollow\" id=\"download-link-3010\" data-redirect=\"false\" >\n\tCCREU-2024-Formulaire-des-questions-suppl\u00e9mentaires<\/a>\n<\/li><li><a  data-e-Disable-Page-Transition=\"true\" class=\"download-link\" title=\"\" href=\"https:\/\/cusc-ccreu.ca\/wordpress\/?download=3004&amp;tmstv=1778687706\" rel=\"nofollow\" id=\"download-link-3004\" data-redirect=\"false\" >\n\tCCREU-2024-exemple-de-modele-de-fichier<\/a>\n<\/li><li><a  data-e-Disable-Page-Transition=\"true\" class=\"download-link\" title=\"\" href=\"https:\/\/cusc-ccreu.ca\/wordpress\/?download=2921&amp;tmstv=1778687706\" rel=\"nofollow\" id=\"download-link-2921\" data-redirect=\"false\" >\n\tCCREU 2024 sondage derni\u00e8re ann\u00e9e module exp\u00e9rience<\/a>\n<\/li><li><a  data-e-Disable-Page-Transition=\"true\" class=\"download-link\" title=\"Version ccreu 2024 prices prix\" href=\"https:\/\/cusc-ccreu.ca\/wordpress\/?download=2932&amp;tmstv=1778687706\" rel=\"nofollow\" id=\"download-link-2932\" data-redirect=\"false\" >\n\t2024 prix<\/a>\n<\/li><li><a  data-e-Disable-Page-Transition=\"true\" class=\"download-link\" title=\"\" href=\"https:\/\/cusc-ccreu.ca\/wordpress\/?download=2926&amp;tmstv=1778687706\" rel=\"nofollow\" id=\"download-link-2926\" data-redirect=\"false\" >\n\t2024 Module<\/a>\n<\/li><\/ul>\n\t\t\t\t\n\n\n\n<p>Visionnez notre webinaire sur le processus d&#8217;inscription (disponible en anglais seulement)<\/p>\n\n\n\n<figure class=\"wp-block-embed is-type-video is-provider-youtube wp-block-embed-youtube wp-embed-aspect-16-9 wp-has-aspect-ratio\"><div class=\"wp-block-embed__wrapper\">\n<div class=\"epyt-video-wrapper\"><iframe loading=\"lazy\"  id=\"_ytid_72913\"  width=\"480\" height=\"270\"  data-origwidth=\"480\" data-origheight=\"270\"  data-relstop=\"1\" src=\"https:\/\/www.youtube.com\/embed\/caIR5jqTX9I?enablejsapi=1&#038;autoplay=0&#038;cc_load_policy=0&#038;cc_lang_pref=&#038;iv_load_policy=3&#038;loop=0&#038;rel=0&#038;fs=1&#038;playsinline=0&#038;autohide=2&#038;theme=dark&#038;color=red&#038;controls=1&#038;disablekb=0&#038;\" class=\"__youtube_prefs__  epyt-is-override  no-lazyload\" title=\"YouTube player\"  allow=\"fullscreen; accelerometer; autoplay; clipboard-write; encrypted-media; gyroscope; picture-in-picture; web-share\" referrerpolicy=\"strict-origin-when-cross-origin\" allowfullscreen data-no-lazy=\"1\" data-skipgform_ajax_framebjll=\"\"><\/iframe><\/div>\n<\/div><\/figure>\n\n\n<div id=\"wpmem_login\"><a id=\"login\"><\/a><form action=\"https:\/\/cusc-ccreu.ca\/wordpress\/?page_id=214&#038;lang=fr\" method=\"POST\" id=\"wpmem_login_form\" class=\"form\"><input type=\"hidden\" id=\"_wpmem_login_nonce\" name=\"_wpmem_login_nonce\" value=\"4888b3dfeb\" \/><input type=\"hidden\" name=\"_wp_http_referer\" value=\"\/wordpress\/index.php?rest_route=%2Fwp%2Fv2%2Fpages%2F214\" \/><fieldset><legend>Existing Users Log In<\/legend><label for=\"log\">Username or Email<\/label><div class=\"div_text\"><input name=\"log\" type=\"text\" id=\"log\" value=\"\" class=\"username\" required  \/><\/div><label for=\"pwd\">Password<\/label><div class=\"div_text\"><input name=\"pwd\" type=\"password\" id=\"pwd\" class=\"password\" required  \/><\/div><input name=\"a\" type=\"hidden\" value=\"login\" \/><input name=\"redirect_to\" type=\"hidden\" value=\"https:\/\/cusc-ccreu.ca\/wordpress\/?page_id=77&#038;lang=en\" \/><div class=\"button_div\"><input name=\"rememberme\" type=\"checkbox\" id=\"rememberme\" value=\"forever\" \/>&nbsp;<label for=\"rememberme\">Remember Me<\/label>&nbsp;&nbsp;<input type=\"submit\" name=\"Submit\" value=\"Log In\" class=\"buttons\" \/><\/div><div class=\"link-text\"><span class=\"link-text-forgot\">Forgot password?&nbsp;<a href=\"https:\/\/cusc-ccreu.ca\/wordpress\/?page_id=1195&#038;lang=en%2F&#038;a=pwdreset\">Click here to reset<\/a><\/span><\/div><div class=\"link-text\"><span class=\"link-text-register\">New User?&nbsp;<a href=\"https:\/\/cusc-ccreu.ca\/wordpress\/?page_id=1104&#038;lang=en\">Click here to register<\/a><\/span><\/div><\/fieldset><\/form><\/div>\n","protected":false},"excerpt":{"rendered":"<p>Tout \u00e9tablissement canadien d\u2019enseignement post-secondaire autoris\u00e9 \u00e0 d\u00e9cerner des dipl\u00f4mes de baccalaur\u00e9at peut devenir membre du CCREU. Les membres obtiennent un fichier de donn\u00e9es qui contient toutes les r\u00e9ponses aux questions du sondage de tous les \u00e9tablissements participants, un fichier des r\u00e9ponses aux questions ouvertes de leurs \u00e9tudiants, ainsi qu\u2019un rapport institutionnel. Les membres peuvent [&hellip;]<\/p>\n","protected":false},"author":1,"featured_media":0,"parent":185,"menu_order":0,"comment_status":"closed","ping_status":"closed","template":"","meta":{"_uag_custom_page_level_css":"","site-sidebar-layout":"default","site-content-layout":"","ast-site-content-layout":"default","site-content-style":"default","site-sidebar-style":"default","ast-global-header-display":"","ast-banner-title-visibility":"","ast-main-header-display":"","ast-hfb-above-header-display":"","ast-hfb-below-header-display":"","ast-hfb-mobile-header-display":"","site-post-title":"","ast-breadcrumbs-content":"","ast-featured-img":"","footer-sml-layout":"","ast-disable-related-posts":"","theme-transparent-header-meta":"","adv-header-id-meta":"","stick-header-meta":"","header-above-stick-meta":"","header-main-stick-meta":"","header-below-stick-meta":"","astra-migrate-meta-layouts":"default","ast-page-background-enabled":"default","ast-page-background-meta":{"desktop":{"background-color":"var(--ast-global-color-4)","background-image":"","background-repeat":"repeat","background-position":"center center","background-size":"auto","background-attachment":"scroll","background-type":"","background-media":"","overlay-type":"","overlay-color":"","overlay-opacity":"","overlay-gradient":""},"tablet":{"background-color":"","background-image":"","background-repeat":"repeat","background-position":"center center","background-size":"auto","background-attachment":"scroll","background-type":"","background-media":"","overlay-type":"","overlay-color":"","overlay-opacity":"","overlay-gradient":""},"mobile":{"background-color":"","background-image":"","background-repeat":"repeat","background-position":"center center","background-size":"auto","background-attachment":"scroll","background-type":"","background-media":"","overlay-type":"","overlay-color":"","overlay-opacity":"","overlay-gradient":""}},"ast-content-background-meta":{"desktop":{"background-color":"var(--ast-global-color-5)","background-image":"","background-repeat":"repeat","background-position":"center center","background-size":"auto","background-attachment":"scroll","background-type":"","background-media":"","overlay-type":"","overlay-color":"","overlay-opacity":"","overlay-gradient":""},"tablet":{"background-color":"var(--ast-global-color-5)","background-image":"","background-repeat":"repeat","background-position":"center center","background-size":"auto","background-attachment":"scroll","background-type":"","background-media":"","overlay-type":"","overlay-color":"","overlay-opacity":"","overlay-gradient":""},"mobile":{"background-color":"var(--ast-global-color-5)","background-image":"","background-repeat":"repeat","background-position":"center center","background-size":"auto","background-attachment":"scroll","background-type":"","background-media":"","overlay-type":"","overlay-color":"","overlay-opacity":"","overlay-gradient":""}},"footnotes":""},"class_list":["post-214","page","type-page","status-publish","hentry"],"uagb_featured_image_src":{"full":false,"thumbnail":false,"medium":false,"medium_large":false,"large":false,"1536x1536":false,"2048x2048":false},"uagb_author_info":{"display_name":"cuscccreu_0","author_link":"https:\/\/cusc-ccreu.ca\/wordpress\/?author=1"},"uagb_comment_info":0,"uagb_excerpt":"Tout \u00e9tablissement canadien d\u2019enseignement post-secondaire autoris\u00e9 \u00e0 d\u00e9cerner des dipl\u00f4mes de baccalaur\u00e9at peut devenir membre du CCREU. Les membres obtiennent un fichier de donn\u00e9es qui contient toutes les r\u00e9ponses aux questions du sondage de tous les \u00e9tablissements participants, un fichier des r\u00e9ponses aux questions ouvertes de leurs \u00e9tudiants, ainsi qu\u2019un rapport institutionnel. Les membres peuvent&hellip;","_links":{"self":[{"href":"https:\/\/cusc-ccreu.ca\/wordpress\/index.php?rest_route=\/wp\/v2\/pages\/214","targetHints":{"allow":["GET"]}}],"collection":[{"href":"https:\/\/cusc-ccreu.ca\/wordpress\/index.php?rest_route=\/wp\/v2\/pages"}],"about":[{"href":"https:\/\/cusc-ccreu.ca\/wordpress\/index.php?rest_route=\/wp\/v2\/types\/page"}],"author":[{"embeddable":true,"href":"https:\/\/cusc-ccreu.ca\/wordpress\/index.php?rest_route=\/wp\/v2\/users\/1"}],"replies":[{"embeddable":true,"href":"https:\/\/cusc-ccreu.ca\/wordpress\/index.php?rest_route=%2Fwp%2Fv2%2Fcomments&post=214"}],"version-history":[{"count":27,"href":"https:\/\/cusc-ccreu.ca\/wordpress\/index.php?rest_route=\/wp\/v2\/pages\/214\/revisions"}],"predecessor-version":[{"id":3085,"href":"https:\/\/cusc-ccreu.ca\/wordpress\/index.php?rest_route=\/wp\/v2\/pages\/214\/revisions\/3085"}],"up":[{"embeddable":true,"href":"https:\/\/cusc-ccreu.ca\/wordpress\/index.php?rest_route=\/wp\/v2\/pages\/185"}],"wp:attachment":[{"href":"https:\/\/cusc-ccreu.ca\/wordpress\/index.php?rest_route=%2Fwp%2Fv2%2Fmedia&parent=214"}],"curies":[{"name":"wp","href":"https:\/\/api.w.org\/{rel}","templated":true}]}}