{"id":210,"date":"2017-12-20T23:38:45","date_gmt":"2017-12-20T23:38:45","guid":{"rendered":"https:\/\/cusc-ccreu.ca\/wordpress\/?page_id=210"},"modified":"2019-07-31T16:40:47","modified_gmt":"2019-07-31T21:40:47","slug":"requetes-resultats","status":"publish","type":"page","link":"https:\/\/cusc-ccreu.ca\/wordpress\/?page_id=210&lang=fr","title":{"rendered":"Requ\u00eates R\u00e9sultats"},"content":{"rendered":"\n<p class=\"has-drop-cap\">Chacun des \u00e9tablissements participant aux enqu\u00eates du CCREU est titulaire de ses donn\u00e9es de sondage. Les membres du CCREU rendent leurs donn\u00e9es disponibles aux autres membres selon les modalit\u00e9s pr\u00e9vues dans\u00a0<a  data-e-Disable-Page-Transition=\"true\" class=\"download-link\" title=\"\" href=\"https:\/\/cusc-ccreu.ca\/wordpress\/?download=111&amp;tmstv=1778434458\" rel=\"nofollow\" id=\"download-link-111\" data-redirect=\"false\" >\n\tData Licensing and Membership Agreement<\/a>\n\u00a0(disponible en anglais seulement). Cet accord interdit au Consortium ainsi qu\u2019\u00e0 tous ses membres de diffuser les donn\u00e9es d\u2019un autre \u00e9tablissement. Le Consortium n\u2019est pas propri\u00e9taire des donn\u00e9es et ne peut les diffuser en identifiant les \u00e9tablissements. <\/p>\n\n\n\n<p>\n\nSi vous \u00eates int\u00e9ress\u00e9 \u00e0 obtenir les r\u00e9sultats d\u2019un sondage pour un \u00e9tablissement en particulier, veuillez contacter cet \u00e9tablissement. Habituellement, ce sont les bureaux de planification et de recherche institutionnelle qui s\u2019occupent de ces sondages. Il faut noter qu\u2019un \u00e9tablissement peut d\u00e9cider de ne pas diffuser aucun de ses r\u00e9sultats.Si vous souhaitez obtenir des r\u00e9sultats agr\u00e9g\u00e9s pour quelques \u00e9tablissements, veuillez contacter un membre du <a href=\"https:\/\/cusc-ccreu.ca\/wordpress\/?page_id=205&amp;lang=fr\">Conseil d\u2019administration du CCREU<\/a>. N\u2019oubliez pas de d\u00e9crire l\u2019information que vous recherchez (par exemple, quel(s) sondage(s), quelle(s) question(s), quel(s) \u00e9tablissement(s) et le but de votre demande (Pourquoi souhaitez-vous obtenir cette information? Qui utilisera cette information et comment sera-t-elle utilis\u00e9e?). Des frais peuvent \u00eatre exig\u00e9s selon la complexit\u00e9 de votre demande ou le temps requis pour y r\u00e9pondre.\n\n<\/p>\n","protected":false},"excerpt":{"rendered":"<p>Chacun des \u00e9tablissements participant aux enqu\u00eates du CCREU est titulaire de ses donn\u00e9es de sondage. Les membres du CCREU rendent leurs donn\u00e9es disponibles aux autres membres selon les modalit\u00e9s pr\u00e9vues dans\u00a0\u00a0(disponible en anglais seulement). Cet accord interdit au Consortium ainsi qu\u2019\u00e0 tous ses membres de diffuser les donn\u00e9es d\u2019un autre \u00e9tablissement. Le Consortium n\u2019est pas [&hellip;]<\/p>\n","protected":false},"author":1,"featured_media":0,"parent":185,"menu_order":0,"comment_status":"closed","ping_status":"closed","template":"","meta":{"_uag_custom_page_level_css":"","site-sidebar-layout":"default","site-content-layout":"","ast-site-content-layout":"default","site-content-style":"default","site-sidebar-style":"default","ast-global-header-display":"","ast-banner-title-visibility":"","ast-main-header-display":"","ast-hfb-above-header-display":"","ast-hfb-below-header-display":"","ast-hfb-mobile-header-display":"","site-post-title":"","ast-breadcrumbs-content":"","ast-featured-img":"","footer-sml-layout":"","ast-disable-related-posts":"","theme-transparent-header-meta":"","adv-header-id-meta":"","stick-header-meta":"","header-above-stick-meta":"","header-main-stick-meta":"","header-below-stick-meta":"","astra-migrate-meta-layouts":"default","ast-page-background-enabled":"default","ast-page-background-meta":{"desktop":{"background-color":"var(--ast-global-color-4)","background-image":"","background-repeat":"repeat","background-position":"center center","background-size":"auto","background-attachment":"scroll","background-type":"","background-media":"","overlay-type":"","overlay-color":"","overlay-opacity":"","overlay-gradient":""},"tablet":{"background-color":"","background-image":"","background-repeat":"repeat","background-position":"center center","background-size":"auto","background-attachment":"scroll","background-type":"","background-media":"","overlay-type":"","overlay-color":"","overlay-opacity":"","overlay-gradient":""},"mobile":{"background-color":"","background-image":"","background-repeat":"repeat","background-position":"center center","background-size":"auto","background-attachment":"scroll","background-type":"","background-media":"","overlay-type":"","overlay-color":"","overlay-opacity":"","overlay-gradient":""}},"ast-content-background-meta":{"desktop":{"background-color":"var(--ast-global-color-5)","background-image":"","background-repeat":"repeat","background-position":"center center","background-size":"auto","background-attachment":"scroll","background-type":"","background-media":"","overlay-type":"","overlay-color":"","overlay-opacity":"","overlay-gradient":""},"tablet":{"background-color":"var(--ast-global-color-5)","background-image":"","background-repeat":"repeat","background-position":"center center","background-size":"auto","background-attachment":"scroll","background-type":"","background-media":"","overlay-type":"","overlay-color":"","overlay-opacity":"","overlay-gradient":""},"mobile":{"background-color":"var(--ast-global-color-5)","background-image":"","background-repeat":"repeat","background-position":"center center","background-size":"auto","background-attachment":"scroll","background-type":"","background-media":"","overlay-type":"","overlay-color":"","overlay-opacity":"","overlay-gradient":""}},"footnotes":""},"class_list":["post-210","page","type-page","status-publish","hentry"],"uagb_featured_image_src":{"full":false,"thumbnail":false,"medium":false,"medium_large":false,"large":false,"1536x1536":false,"2048x2048":false},"uagb_author_info":{"display_name":"cuscccreu_0","author_link":"https:\/\/cusc-ccreu.ca\/wordpress\/?author=1"},"uagb_comment_info":0,"uagb_excerpt":"Chacun des \u00e9tablissements participant aux enqu\u00eates du CCREU est titulaire de ses donn\u00e9es de sondage. Les membres du CCREU rendent leurs donn\u00e9es disponibles aux autres membres selon les modalit\u00e9s pr\u00e9vues dans\u00a0\u00a0(disponible en anglais seulement). Cet accord interdit au Consortium ainsi qu\u2019\u00e0 tous ses membres de diffuser les donn\u00e9es d\u2019un autre \u00e9tablissement. Le Consortium n\u2019est pas&hellip;","_links":{"self":[{"href":"https:\/\/cusc-ccreu.ca\/wordpress\/index.php?rest_route=\/wp\/v2\/pages\/210","targetHints":{"allow":["GET"]}}],"collection":[{"href":"https:\/\/cusc-ccreu.ca\/wordpress\/index.php?rest_route=\/wp\/v2\/pages"}],"about":[{"href":"https:\/\/cusc-ccreu.ca\/wordpress\/index.php?rest_route=\/wp\/v2\/types\/page"}],"author":[{"embeddable":true,"href":"https:\/\/cusc-ccreu.ca\/wordpress\/index.php?rest_route=\/wp\/v2\/users\/1"}],"replies":[{"embeddable":true,"href":"https:\/\/cusc-ccreu.ca\/wordpress\/index.php?rest_route=%2Fwp%2Fv2%2Fcomments&post=210"}],"version-history":[{"count":5,"href":"https:\/\/cusc-ccreu.ca\/wordpress\/index.php?rest_route=\/wp\/v2\/pages\/210\/revisions"}],"predecessor-version":[{"id":570,"href":"https:\/\/cusc-ccreu.ca\/wordpress\/index.php?rest_route=\/wp\/v2\/pages\/210\/revisions\/570"}],"up":[{"embeddable":true,"href":"https:\/\/cusc-ccreu.ca\/wordpress\/index.php?rest_route=\/wp\/v2\/pages\/185"}],"wp:attachment":[{"href":"https:\/\/cusc-ccreu.ca\/wordpress\/index.php?rest_route=%2Fwp%2Fv2%2Fmedia&parent=210"}],"curies":[{"name":"wp","href":"https:\/\/api.w.org\/{rel}","templated":true}]}}