{"id":199,"date":"2017-12-20T23:17:46","date_gmt":"2017-12-20T23:17:46","guid":{"rendered":"https:\/\/cusc-ccreu.ca\/wordpress\/?page_id=199"},"modified":"2023-11-03T21:15:15","modified_gmt":"2023-11-04T02:15:15","slug":"199-2","status":"publish","type":"page","link":"https:\/\/cusc-ccreu.ca\/wordpress\/?page_id=199&lang=fr","title":{"rendered":"Sondages"},"content":{"rendered":"\n<figure class=\"wp-block-image alignright size-large is-resized\"><img decoding=\"async\" src=\"https:\/\/cusc-ccreu.ca\/wordpress\/wp-content\/uploads\/Images\/library-books-scaled.jpg\" alt=\"\" style=\"aspect-ratio:1.5005861664712778;width:260px;height:auto\"\/><\/figure>\n\n\n\n<p class=\"has-drop-cap\">Le CCREU fonctionne dans le cadre d\u2019un cycle de trois ans. Chaque ann\u00e9e du cycle, un groupe diff\u00e9rent d\u2019\u00e9tudiants au baccalaur\u00e9at est invit\u00e9 \u00e0 participer \u00e0 l\u2019enqu\u00eate: les \u00e9tudiants de derni\u00e8re ann\u00e9e, les \u00e9tudiants de premi\u00e8re ann\u00e9e et les \u00e9tudiants des ann\u00e9es interm\u00e9diaires. <\/p>\n\n\n\n<p>Les trois sondages sont ax\u00e9s sur l\u2019exp\u00e9rience des \u00e9tudiants inscrits dans les universit\u00e9s canadiennes. Ils permettent de recueillir des informations sur les attentes des \u00e9tudiants envers leur universit\u00e9, les raisons qui les ont emmen\u00e9s \u00e0 s\u2019inscrire \u00e0 l\u2019universit\u00e9, le but qu\u2019ils ont en t\u00eate si tel est le cas, ainsi que leur propre \u00e9valuation de leur d\u00e9veloppement. Les trois sondages contiennent des questions communes qui permettent aux universit\u00e9s d\u2019\u00e9valuer la progression de leurs \u00e9tudiants.<strong> Tous les questionnaires du CCREU comportent des questions communes sur les sujets suivants:<\/strong><\/p>\n\n\n\n<!--more-->\n\n\n\n<ul class=\"wp-block-list\">\n<li> Profil d\u00e9mographique\/personnel;<\/li>\n\n\n\n<li>Profil acad\u00e9mique;<\/li>\n\n\n\n<li>Utilisation et satisfaction des services et installations;<\/li>\n\n\n\n<li>Exp\u00e9rience avec les professeurs;<\/li>\n\n\n\n<li>Profil acad\u00e9mique des \u00e9tudiants;<\/li>\n\n\n\n<li>Financement des \u00e9tudes;<\/li>\n\n\n\n<li>Si l\u2019exp\u00e9rience \u00e0 l\u2019universit\u00e9 a r\u00e9pondu aux attentes, d\u00e9pass\u00e9 les attentes ou n\u2019a pas rencontr\u00e9 les attentes;<\/li>\n\n\n\n<li>\u00c9valuation de l\u2019exp\u00e9rience g\u00e9n\u00e9rale \u00e0 l\u2019universit\u00e9;<\/li>\n\n\n\n<li>Questions ouvertes : Quel aspects de votre exp\u00e9rience universitaire ont \u00e9t\u00e9 les plus n\u00e9gatifs\/les plus positifs? <\/li>\n<\/ul>\n\n\n\n<p> Note: Tous les sondages du CCREU sont la propri\u00e9t\u00e9 intellectuelle du CCREU. Les questions peuvent \u00eatre utilis\u00e9es en autant que leur source soit cit\u00e9e, tel que : \u00ab Consortium canadien de recherche sur les \u00e9tudiants universitaires. Sondage de 2023 aupr\u00e8s des \u00e9tudiants d&#8217;ann\u00e9es interm\u00e9diaires.\u00bb* Veuillez noter que la version en ligne des questionnaires a une apparence diff\u00e9rente pour les r\u00e9pondants. <\/p>\n","protected":false},"excerpt":{"rendered":"<p>Le CCREU fonctionne dans le cadre d\u2019un cycle de trois ans. Chaque ann\u00e9e du cycle, un groupe diff\u00e9rent d\u2019\u00e9tudiants au baccalaur\u00e9at est invit\u00e9 \u00e0 participer \u00e0 l\u2019enqu\u00eate: les \u00e9tudiants de derni\u00e8re ann\u00e9e, les \u00e9tudiants de premi\u00e8re ann\u00e9e et les \u00e9tudiants des ann\u00e9es interm\u00e9diaires. Les trois sondages sont ax\u00e9s sur l\u2019exp\u00e9rience des \u00e9tudiants inscrits dans les [&hellip;]<\/p>\n","protected":false},"author":1,"featured_media":0,"parent":185,"menu_order":0,"comment_status":"closed","ping_status":"closed","template":"","meta":{"_uag_custom_page_level_css":"","site-sidebar-layout":"default","site-content-layout":"","ast-site-content-layout":"default","site-content-style":"default","site-sidebar-style":"default","ast-global-header-display":"","ast-banner-title-visibility":"","ast-main-header-display":"","ast-hfb-above-header-display":"","ast-hfb-below-header-display":"","ast-hfb-mobile-header-display":"","site-post-title":"","ast-breadcrumbs-content":"","ast-featured-img":"","footer-sml-layout":"","ast-disable-related-posts":"","theme-transparent-header-meta":"","adv-header-id-meta":"","stick-header-meta":"","header-above-stick-meta":"","header-main-stick-meta":"","header-below-stick-meta":"","astra-migrate-meta-layouts":"default","ast-page-background-enabled":"default","ast-page-background-meta":{"desktop":{"background-color":"var(--ast-global-color-4)","background-image":"","background-repeat":"repeat","background-position":"center center","background-size":"auto","background-attachment":"scroll","background-type":"","background-media":"","overlay-type":"","overlay-color":"","overlay-opacity":"","overlay-gradient":""},"tablet":{"background-color":"","background-image":"","background-repeat":"repeat","background-position":"center center","background-size":"auto","background-attachment":"scroll","background-type":"","background-media":"","overlay-type":"","overlay-color":"","overlay-opacity":"","overlay-gradient":""},"mobile":{"background-color":"","background-image":"","background-repeat":"repeat","background-position":"center center","background-size":"auto","background-attachment":"scroll","background-type":"","background-media":"","overlay-type":"","overlay-color":"","overlay-opacity":"","overlay-gradient":""}},"ast-content-background-meta":{"desktop":{"background-color":"var(--ast-global-color-5)","background-image":"","background-repeat":"repeat","background-position":"center center","background-size":"auto","background-attachment":"scroll","background-type":"","background-media":"","overlay-type":"","overlay-color":"","overlay-opacity":"","overlay-gradient":""},"tablet":{"background-color":"var(--ast-global-color-5)","background-image":"","background-repeat":"repeat","background-position":"center center","background-size":"auto","background-attachment":"scroll","background-type":"","background-media":"","overlay-type":"","overlay-color":"","overlay-opacity":"","overlay-gradient":""},"mobile":{"background-color":"var(--ast-global-color-5)","background-image":"","background-repeat":"repeat","background-position":"center center","background-size":"auto","background-attachment":"scroll","background-type":"","background-media":"","overlay-type":"","overlay-color":"","overlay-opacity":"","overlay-gradient":""}},"footnotes":""},"class_list":["post-199","page","type-page","status-publish","hentry"],"uagb_featured_image_src":{"full":false,"thumbnail":false,"medium":false,"medium_large":false,"large":false,"1536x1536":false,"2048x2048":false},"uagb_author_info":{"display_name":"cuscccreu_0","author_link":"https:\/\/cusc-ccreu.ca\/wordpress\/?author=1"},"uagb_comment_info":0,"uagb_excerpt":"Le CCREU fonctionne dans le cadre d\u2019un cycle de trois ans. Chaque ann\u00e9e du cycle, un groupe diff\u00e9rent d\u2019\u00e9tudiants au baccalaur\u00e9at est invit\u00e9 \u00e0 participer \u00e0 l\u2019enqu\u00eate: les \u00e9tudiants de derni\u00e8re ann\u00e9e, les \u00e9tudiants de premi\u00e8re ann\u00e9e et les \u00e9tudiants des ann\u00e9es interm\u00e9diaires. Les trois sondages sont ax\u00e9s sur l\u2019exp\u00e9rience des \u00e9tudiants inscrits dans les&hellip;","_links":{"self":[{"href":"https:\/\/cusc-ccreu.ca\/wordpress\/index.php?rest_route=\/wp\/v2\/pages\/199","targetHints":{"allow":["GET"]}}],"collection":[{"href":"https:\/\/cusc-ccreu.ca\/wordpress\/index.php?rest_route=\/wp\/v2\/pages"}],"about":[{"href":"https:\/\/cusc-ccreu.ca\/wordpress\/index.php?rest_route=\/wp\/v2\/types\/page"}],"author":[{"embeddable":true,"href":"https:\/\/cusc-ccreu.ca\/wordpress\/index.php?rest_route=\/wp\/v2\/users\/1"}],"replies":[{"embeddable":true,"href":"https:\/\/cusc-ccreu.ca\/wordpress\/index.php?rest_route=%2Fwp%2Fv2%2Fcomments&post=199"}],"version-history":[{"count":11,"href":"https:\/\/cusc-ccreu.ca\/wordpress\/index.php?rest_route=\/wp\/v2\/pages\/199\/revisions"}],"predecessor-version":[{"id":2850,"href":"https:\/\/cusc-ccreu.ca\/wordpress\/index.php?rest_route=\/wp\/v2\/pages\/199\/revisions\/2850"}],"up":[{"embeddable":true,"href":"https:\/\/cusc-ccreu.ca\/wordpress\/index.php?rest_route=\/wp\/v2\/pages\/185"}],"wp:attachment":[{"href":"https:\/\/cusc-ccreu.ca\/wordpress\/index.php?rest_route=%2Fwp%2Fv2%2Fmedia&parent=199"}],"curies":[{"name":"wp","href":"https:\/\/api.w.org\/{rel}","templated":true}]}}