{"id":185,"date":"2017-12-20T22:07:04","date_gmt":"2017-12-20T22:07:04","guid":{"rendered":"https:\/\/cusc-ccreu.ca\/wordpress\/?page_id=185"},"modified":"2025-11-19T14:35:18","modified_gmt":"2025-11-19T19:35:18","slug":"185-2","status":"publish","type":"page","link":"https:\/\/cusc-ccreu.ca\/wordpress\/?page_id=185&lang=fr","title":{"rendered":"\u00c0 propos de CCREU"},"content":{"rendered":"\n<p class=\"has-drop-cap\">Le CCREU dirige la plus ancienne et \u00e9minente enqu\u00eate canadienne sur la satisfaction et l\u2019exp\u00e9rience des \u00e9tudiants du premier cycle. Depuis la mise sur pied du CCREU en 1994, des universit\u00e9s partout au Canada ont conjointement proc\u00e9d\u00e9 \u00e0 des enqu\u00eates aupr\u00e8s de leurs \u00e9tudiants du premier cycle. Les sondages annuels sont en rotation sur une p\u00e9riode de trois ans, alternant entre les \u00e9tudiants de premi\u00e8re ann\u00e9e, les \u00e9tudiants des ann\u00e9es interm\u00e9diaires et les \u00e9tudiants de derni\u00e8re ann\u00e9e (ou sur le point d&#8217;obtenir leur dipl\u00f4me). <\/p>\n\n\n\n<figure class=\"wp-block-image alignright size-large is-resized\"><img decoding=\"async\" src=\"https:\/\/cusc-ccreu.ca\/wordpress\/wp-content\/uploads\/2023\/02\/man-holding-pen-in-meeting-edited-scaled.jpg\" alt=\"\" style=\"width:250px;height:250px\"\/><\/figure>\n\n\n\n<p> Les sondages permettent de recueillir des renseignements sur les attentes des \u00e9tudiants vis\u2010\u00e0\u2010vis leur universit\u00e9, les motifs qui les poussent \u00e0 fr\u00e9quenter l\u2019universit\u00e9, l\u2019objectif qu\u2019ils ont en t\u00eate et leur d\u00e9veloppement. Les trois questionnaires comptent certaines questions communes pour permettre \u00e0 nos universit\u00e9s d\u2019analyser l\u2019\u00e9volution de leurs \u00e9tudiants au fur et \u00e0 mesure de leur cheminement p\u00e9dagogique. <\/p>\n\n\n\n<p> Pour toute question suppl\u00e9mentaire, nous vous invitons \u00e0 nous contacter \u00e0 l&#8217;adresse courriel suivante : <a href=\"mailto:admin@cusc-ccreu.ca\">admin@cusc-ccreu.ca<\/a>. <\/p>\n\n\n\n\n\n<p><strong>Les r\u00e9sultats du sondage de 2023 aupr\u00e8s des \u00e9tudiants d&#8217;ann<strong>\u00e9<\/strong>es interm\u00e9diaires sont maintenant disponibles! T\u00e9l\u00e9chargez le rapport g\u00e9n\u00e9ral ci-dessous.<\/strong><\/p>\n\n\n\n<a  data-e-Disable-Page-Transition=\"true\" class=\"download-link download-button aligncenter\" title=\"Version year student survey_master report (french)\" href=\"https:\/\/cusc-ccreu.ca\/wordpress?download=2017&amp;tmstv=1777244119\" rel=\"nofollow\" id=\"download-link-2017\" data-redirect=\"false\" >\n\tDownload &ldquo;CCREU 2023 &#8211; Aupr\u00e8s des \u00e9tudiants d\u2019ann\u00e9es interm\u00e9diaires&rdquo;\t<small>CUSC_2023-Middle-Year-Student-Survey_Master-Report-French.pdf\t\t&ndash; Downloaded 3997 times\t\t&ndash; 1.13 MB<\/small>\n<\/a>\n\n\n\n<p><br><br>Visionnez notre webinaire sur les r\u00e9sultats de sondage 2023 (disponible en anglais seulement)<\/p>\n\n\n\n<p><\/p>\n\n\n\n<figure class=\"wp-block-embed is-type-video is-provider-youtube wp-block-embed-youtube wp-embed-aspect-16-9 wp-has-aspect-ratio\"><div class=\"wp-block-embed__wrapper\">\n<div class=\"epyt-video-wrapper\"><iframe loading=\"lazy\"  id=\"_ytid_99100\"  width=\"480\" height=\"270\"  data-origwidth=\"480\" data-origheight=\"270\"  data-relstop=\"1\" src=\"https:\/\/www.youtube.com\/embed\/l6zTFIDHWrQ?enablejsapi=1&#038;autoplay=0&#038;cc_load_policy=0&#038;cc_lang_pref=&#038;iv_load_policy=3&#038;loop=0&#038;rel=0&#038;fs=1&#038;playsinline=0&#038;autohide=2&#038;theme=dark&#038;color=red&#038;controls=1&#038;disablekb=0&#038;\" class=\"__youtube_prefs__  epyt-is-override  no-lazyload\" title=\"YouTube player\"  allow=\"fullscreen; accelerometer; autoplay; clipboard-write; encrypted-media; gyroscope; picture-in-picture; web-share\" referrerpolicy=\"strict-origin-when-cross-origin\" allowfullscreen data-no-lazy=\"1\" data-skipgform_ajax_framebjll=\"\"><\/iframe><\/div>\n<\/div><\/figure>\n","protected":false},"excerpt":{"rendered":"<p>Le CCREU dirige la plus ancienne et \u00e9minente enqu\u00eate canadienne sur la satisfaction et l\u2019exp\u00e9rience des \u00e9tudiants du premier cycle. Depuis la mise sur pied du CCREU en 1994, des universit\u00e9s partout au Canada ont conjointement proc\u00e9d\u00e9 \u00e0 des enqu\u00eates aupr\u00e8s de leurs \u00e9tudiants du premier cycle. Les sondages annuels sont en rotation sur une [&hellip;]<\/p>\n","protected":false},"author":1,"featured_media":0,"parent":0,"menu_order":0,"comment_status":"open","ping_status":"closed","template":"","meta":{"_uag_custom_page_level_css":"","site-sidebar-layout":"default","site-content-layout":"","ast-site-content-layout":"default","site-content-style":"default","site-sidebar-style":"default","ast-global-header-display":"","ast-banner-title-visibility":"","ast-main-header-display":"","ast-hfb-above-header-display":"","ast-hfb-below-header-display":"","ast-hfb-mobile-header-display":"","site-post-title":"","ast-breadcrumbs-content":"","ast-featured-img":"","footer-sml-layout":"","ast-disable-related-posts":"","theme-transparent-header-meta":"","adv-header-id-meta":"","stick-header-meta":"","header-above-stick-meta":"","header-main-stick-meta":"","header-below-stick-meta":"","astra-migrate-meta-layouts":"default","ast-page-background-enabled":"default","ast-page-background-meta":{"desktop":{"background-color":"var(--ast-global-color-4)","background-image":"","background-repeat":"repeat","background-position":"center center","background-size":"auto","background-attachment":"scroll","background-type":"","background-media":"","overlay-type":"","overlay-color":"","overlay-opacity":"","overlay-gradient":""},"tablet":{"background-color":"","background-image":"","background-repeat":"repeat","background-position":"center center","background-size":"auto","background-attachment":"scroll","background-type":"","background-media":"","overlay-type":"","overlay-color":"","overlay-opacity":"","overlay-gradient":""},"mobile":{"background-color":"","background-image":"","background-repeat":"repeat","background-position":"center center","background-size":"auto","background-attachment":"scroll","background-type":"","background-media":"","overlay-type":"","overlay-color":"","overlay-opacity":"","overlay-gradient":""}},"ast-content-background-meta":{"desktop":{"background-color":"var(--ast-global-color-5)","background-image":"","background-repeat":"repeat","background-position":"center center","background-size":"auto","background-attachment":"scroll","background-type":"","background-media":"","overlay-type":"","overlay-color":"","overlay-opacity":"","overlay-gradient":""},"tablet":{"background-color":"var(--ast-global-color-5)","background-image":"","background-repeat":"repeat","background-position":"center center","background-size":"auto","background-attachment":"scroll","background-type":"","background-media":"","overlay-type":"","overlay-color":"","overlay-opacity":"","overlay-gradient":""},"mobile":{"background-color":"var(--ast-global-color-5)","background-image":"","background-repeat":"repeat","background-position":"center center","background-size":"auto","background-attachment":"scroll","background-type":"","background-media":"","overlay-type":"","overlay-color":"","overlay-opacity":"","overlay-gradient":""}},"footnotes":""},"class_list":["post-185","page","type-page","status-publish","hentry"],"uagb_featured_image_src":{"full":false,"thumbnail":false,"medium":false,"medium_large":false,"large":false,"1536x1536":false,"2048x2048":false},"uagb_author_info":{"display_name":"cuscccreu_0","author_link":"https:\/\/cusc-ccreu.ca\/wordpress\/?author=1"},"uagb_comment_info":0,"uagb_excerpt":"Le CCREU dirige la plus ancienne et \u00e9minente enqu\u00eate canadienne sur la satisfaction et l\u2019exp\u00e9rience des \u00e9tudiants du premier cycle. Depuis la mise sur pied du CCREU en 1994, des universit\u00e9s partout au Canada ont conjointement proc\u00e9d\u00e9 \u00e0 des enqu\u00eates aupr\u00e8s de leurs \u00e9tudiants du premier cycle. Les sondages annuels sont en rotation sur une&hellip;","_links":{"self":[{"href":"https:\/\/cusc-ccreu.ca\/wordpress\/index.php?rest_route=\/wp\/v2\/pages\/185","targetHints":{"allow":["GET"]}}],"collection":[{"href":"https:\/\/cusc-ccreu.ca\/wordpress\/index.php?rest_route=\/wp\/v2\/pages"}],"about":[{"href":"https:\/\/cusc-ccreu.ca\/wordpress\/index.php?rest_route=\/wp\/v2\/types\/page"}],"author":[{"embeddable":true,"href":"https:\/\/cusc-ccreu.ca\/wordpress\/index.php?rest_route=\/wp\/v2\/users\/1"}],"replies":[{"embeddable":true,"href":"https:\/\/cusc-ccreu.ca\/wordpress\/index.php?rest_route=%2Fwp%2Fv2%2Fcomments&post=185"}],"version-history":[{"count":34,"href":"https:\/\/cusc-ccreu.ca\/wordpress\/index.php?rest_route=\/wp\/v2\/pages\/185\/revisions"}],"predecessor-version":[{"id":4582,"href":"https:\/\/cusc-ccreu.ca\/wordpress\/index.php?rest_route=\/wp\/v2\/pages\/185\/revisions\/4582"}],"wp:attachment":[{"href":"https:\/\/cusc-ccreu.ca\/wordpress\/index.php?rest_route=%2Fwp%2Fv2%2Fmedia&parent=185"}],"curies":[{"name":"wp","href":"https:\/\/api.w.org\/{rel}","templated":true}]}}